{"id":45,"date":"2024-12-29T15:29:01","date_gmt":"2024-12-29T14:29:01","guid":{"rendered":"http:\/\/kasalai.cluster027.hosting.ovh.net\/?page_id=45"},"modified":"2026-01-17T15:34:07","modified_gmt":"2026-01-17T14:34:07","slug":"a_propos_kasalab","status":"publish","type":"page","link":"https:\/\/kasalab.fr\/index.php\/a_propos_kasalab\/","title":{"rendered":"A_Propos_Kasalab"},"content":{"rendered":"<div class=\"Ka_Fond_Article\">\n<div class=\"masquer\">************************ ENTETE ***********************************<\/div>\n<div class=\"ACC_INTER_BLOC\"><\/div>\n<p><a href=\"https:\/\/www.kasalab.fr\"><\/p>\n<div id=\"Ka_Entete\">\n<\/div>\n<p><\/a><\/p>\n<div class=\"ACC_INTER_BLOC\"><\/div>\n<div class=\"masquer\">******************* MENU A COPIER **************************<\/div>\n<div id=\"CADRE_LOGO_MENU\" style=\"height:auto;\">\n<li class=\"CADRE_LOGO_LISTE\" id=\"CLL_1\" onclick=\"Ouvre_Menu(1)\">A propos<\/li>\n<li class=\"CADRE_LOGO_LISTE\" id=\"CLL_2\" onclick=\"Ouvre_Menu(2)\">Prochaines formations<\/li>\n<li class=\"CADRE_LOGO_LISTE\" id=\"CLL_3\" onclick=\"Ouvre_Menu(3)\">Nos publications<\/li>\n<li class=\"CADRE_LOGO_LISTE\" id=\"CLL_4\" onclick=\"Ouvre_Menu(4)\">Kas\u00e0l\u00e0s \u00e0 d\u00e9couvrir<\/li>\n<li class=\"CADRE_LOGO_LISTE\" id=\"CLL_5\"><a href=\"https:\/\/kasalab.fr\/index.php\/questions\/\">FAQ<\/a><\/li>\n<\/div>\n<div id=\"CADRE_LOGO_SOUS_MENU_1\" class=\"SOUS_MENU\" >\n<li class=\"CADRE_LOGO_SML_1\"><a href=\"https:\/\/kasalab.fr\/index.php\/a_propos_kasalab\">Kas\u00e0l\u00e0b<\/a><\/li>\n<li class=\"CADRE_LOGO_SML_1\"><a href=\"https:\/\/kasalab.fr\/index.php\/a_propos_kasaleo\">Documentaire \u00ab\u00a0kasaleo, la r\u00e9v\u00e9lation\u00a0\u00bb<\/a><\/li>\n<li class=\"CADRE_LOGO_SML_1\"><a href=\"https:\/\/kasalab.fr\/index.php\/formatrices\">Nos kas\u00e0leuses ont du talent<\/a><\/li>\n<\/div>\n<div id=\"CADRE_LOGO_SOUS_MENU_2\" class=\"SOUS_MENU\" >\n<li class=\"CADRE_LOGO_SML_2\"><a href=\"https:\/\/kasalab.fr\/index.php\/calendrier\">Calendrier<\/a><\/li>\n<li class=\"CADRE_LOGO_SML_2\"><a href=\"https:\/\/kasalab.fr\/wp-content\/uploads\/Formations-Kasalab-3-volets.pdf\">Quelles formations choisir ?<\/a><\/li>\n<li class=\"CADRE_LOGO_SML_2\"><a href=\"http:\/\/kasalab.fr\/wp-content\/uploads\/V2-Eskale-Narrative-Corse.pdf\">Eskales narratives<\/a><\/li>\n<li class=\"CADRE_LOGO_SML_2\"><a href=\"http:\/\/kasalab.fr\/wp-content\/uploads\/Ecrire_Celebrer.pdf\">\u00c9crire et c\u00e9l\u00e9brer<\/a><\/li>\n<\/div>\n<div id=\"CADRE_LOGO_SOUS_MENU_3\" class=\"SOUS_MENU\" >\n<li class=\"CADRE_LOGO_SML_3\"><a href=\"https:\/\/kasalab.fr\/index.php\/newsletters\">Newsletters<\/a><\/li>\n<li class=\"CADRE_LOGO_SML_3\"><a href=\"https:\/\/kasalab.fr\/index.php\/ressources\/\">Ressources<\/a><\/li>\n<li class=\"CADRE_LOGO_SML_3\">Blog<\/li>\n<li class=\"CADRE_LOGO_SML_3\">Podcast<\/li>\n<li class=\"CADRE_LOGO_SML_3\">Livres sonores<\/li>\n<\/div>\n<div id=\"CADRE_LOGO_SOUS_MENU_4\" class=\"SOUS_MENU\" >\n<li class=\"CADRE_LOGO_SML_4\"><a href=\"https:\/\/kasalab.fr\/index.php\/Kasala_01\">Kas\u00e0l\u00e0 \u00e0 mes lign\u00e9es<\/a><\/li>\n<li class=\"CADRE_LOGO_SML_4\"><a href=\"https:\/\/kasalab.fr\/index.php\/Kasala_02\">Kas\u00e0l\u00e0 de l\u2019air<\/a><\/li>\n<li class=\"CADRE_LOGO_SML_4\"><a href=\"https:\/\/kasalab.fr\/index.php\/Kasala_03\">Kas\u00e0l\u00e0 du serpent<\/a><\/li>\n<li class=\"CADRE_LOGO_SML_4\"><a href=\"https:\/\/kasalab.fr\/index.php\/Kasala_04\">Le poing e<\/a><\/li>\n<li \nclass=\"CADRE_LOGO_SML_4\"><a href=\"https:\/\/kasalab.fr\/index.php\/Kasala_05\">Kas\u00e0l\u00e0 mosa\u00efque<\/a><\/li>\n<li \nclass=\"CADRE_LOGO_SML_4\"><a href=\"https:\/\/kasalab.fr\/wp-content\/uploads\/KA-Enterrement-RDC.mp4\">Kas\u00e0l\u00e0 de deuil au Congo<\/a><\/li>\n<\/div>\n<div id=\"CADRE_LOGO_SOUS_MENU_5\" class=\"SOUS_MENU\" >\n<li class=\"CADRE_LOGO_SML_5\"><a href=\"https:\/\/kasalab.fr\/index.php\/questions\/\">Questions<\/a><\/li>\n<\/div>\n<div class=\"masquer\">******************* FIN DE MENU A COPIER **************************<\/div>\n<div class=\"ACC_INTER_BLOC\"><\/div>\n<div class=\"masquer\">************************ PAGE A_PROPOS KASALA **************************<\/div>\n<div id=\"Ka_A_Propos\">\n<h1 id=\"Ka_A_Propos_Titre\" class=\"Ka_Titre\">La fabrique du lien<\/h1>\n<div class=\"Ka_A_Propos_Parag Ka_Gauche\">\nVous r\u00eavez de tisser ou resserrer les liens entre les membres d\u2019une famille, d\u2019une \u00e9quipe\u00a0? C\u2019est ce que produit le kas\u00e0l\u00e0, art et rituel de c\u00e9l\u00e9bration, transmis par les griots d\u2019Afrique sub-saharienne. <\/p>\n<p>Po\u00e9sie et spectacle, il valorise les qualit\u00e9s et les forces. Et les d\u00e9cuple en les affirmant haut et fort, avec emphase, devant une assistance. Car le kas\u00e0l\u00e0 se proclame. Et c\u2019est l\u00e0 que r\u00e9sident sa puissance et sa magie !<\/p>\n<p>Le kas\u00e0l\u00e0 contemporain ne renie rien de ses origines. Mais il passe par une phase d\u2019\u00e9criture pr\u00e9alable \u00e0 la proclamation. Et s\u2019hybride volontiers avec d\u2019autres arts ou th\u00e9rapies pour s\u2019enrichir \u00e0 l\u2019infini. <\/p>\n<p>Il v\u00e9hicule aussi les valeurs de l\u2019Ubuntu : cette philosophie qui permit \u00e0 Nelson Mandela de r\u00e9concilier l\u2019Afrique du Sud. Son message ?\n<\/p><\/div>\n<div class=\"Ka_A_Propos_Devise Ka_Centre Ka_Dore\">\u00ab\u00a0Je suis parce que nous sommes.\u00a0\u00bb<\/div>\n<h1 id=\"Ka_A_Propos_Titre\" class=\"Ka_Titre\">Marie-France Baroth, fondatrice de Kas\u00e0lab<\/h1>\n<div class=\"Ka_A_Propos_Parag Ka_Gauche\">\nJ\u2019ai \u00e9prouv\u00e9 la magie du kas\u00e0l\u00e0 \u00e0 un moment de ma vie o\u00f9 des difficult\u00e9s professionnelles \u00e9taient venues s\u2019ajouter \u00e0 des douleurs et pertes affectives, affectant profond\u00e9ment ma confiance en moi. <\/p>\n<p>Ma premi\u00e8re participation \u00e0 un atelier de kas\u00e0l\u00e0 contemporain a \u00e9t\u00e9 une r\u00e9v\u00e9lation, une gu\u00e9rison. Je me suis sentie gagn\u00e9e par une \u00e9nergie, une force et une joie qui m\u2019ont permis de me relever, et de sourire \u00e0 nouveau \u00e0 la vie en d\u00e9ployant mes comp\u00e9tences et mes talents\u00a0! <\/p>\n<p>M\u2019appuyant sur mon expertise en ing\u00e9nierie didactique et p\u00e9dagogique, je suis devenue formatrice certifi\u00e9e de kas\u00e0l\u00e0 contemporain, et responsable des formations pour Kas\u00e0laction qui d\u00e9veloppe l\u2019art et la pratique du kas\u00e0l\u00e0 contemporain en Europe, en Am\u00e9rique du Nord et en Afrique. <\/p>\n<p>Puis j\u2019ai fond\u00e9 Kas\u00e0lab pour transmettre l\u2019art du kas\u00e0l\u00e0 contemporain en France.\n<\/p><\/div>\n<div id=\"Ka_A_Propos_Titre\" class=\"Ka_Titre\">Kas\u00e0lab et Kas\u00e0laction<\/div>\n<div class=\"Ka_Mentions_Legales_Parag Ka_Gauche\">\nKas\u00e0laction, c\u2019est l\u2019incarnation du g\u00e9nie et de la passion de son fondateur, Jean Ngo Semzara Kabuta, par qui j\u2019ai \u00e9t\u00e9 initi\u00e9e. <\/p>\n<p>Kas\u00e0laction est une association \u00e0 but non lucratif, dont l\u2019une des missions est de transmettre le kas\u00e0l\u00e0 contemporain \u00e0 travers le monde. A cette fin, elle f\u00e9d\u00e8re un r\u00e9seau d\u2019\u00e9coles et de formatrices certifi\u00e9es qui enseignent le kas\u00e0l\u00e0 en tant que partenaires autonomes. <\/p>\n<p><span class=\"Ka_Gras\">Kas\u00e0lab est l\u2019\u00e9cole partenaire fran\u00e7aise de Kas\u00e0laction.<\/span> Elle d\u00e9livre des formations en ligne, communes avec d\u2019autres \u00e9coles et formatrices certifi\u00e9es. Et propose des ateliers pr\u00e9sentiels en France et en Belgique. Kas\u00e0lab est \u00e9troitement li\u00e9e \u00e0 l\u2019EKAR, avec qui elle partage les programmes de formation et l\u2019animation des formations certifiantes en ligne.<\/p>\n<p>L\u2019EKAR ou \u00c9cole de Kas\u00e0l\u00e0 de Rimouski (Qu\u00e9bec), c\u2019est l\u2019\u00e9cole ma\u00eetresse du r\u00e9seau, fond\u00e9e et dirig\u00e9e par Jean N.S. Kabuta. L\u2019EKAR d\u00e9livre les certifications qui garantissent la qualit\u00e9 et la coh\u00e9rence des enseignements. Pour en savoir plus, visitez le site de Kas\u00e0laction.org<\/p>\n<p>Les formations d\u00e9livr\u00e9es par Kas\u00e0lab vous permettent d\u2019acc\u00e9l\u00e9rer votre ma\u00eetrise de l\u2019art du kas\u00e0l\u00e0, en acc\u00e9dant au meilleur de l\u2019exp\u00e9rience traditionnelle et acad\u00e9mique du kas\u00e0l\u00e0 tel que l\u2019a pratiqu\u00e9 et conceptualis\u00e9 Jean N.S. Kabuta, avant de cr\u00e9er l\u2019art du kas\u00e0l\u00e0 contemporain, pour l\u2019adapter notamment \u00e0 nos soci\u00e9t\u00e9s de l\u2019\u00e9crit. <\/p>\n<p>Ce faisant, il en a aussi \u00e9largi la port\u00e9e puisque le kas\u00e0l\u00e0 contemporain ou kasaleo c\u00e9l\u00e8bre non seulement soi, l\u2019autre, mais \u00e9galement tout le vivant et ses richesses. Ainsi on peut d\u00e9clamer le kas\u00e0l\u00e0 du vent, le kas\u00e0l\u00e0 de l\u2019araign\u00e9e, ou des kas\u00e0l\u00e0s qui expriment la col\u00e8re vitale face \u00e0 tous les crimes contre la vie et l\u2019amour. Le kas\u00e0l\u00e0 est alors la voix s\u00e9culi\u00e8re, po\u00e9tique et engag\u00e9e de l\u2019Ubuntu.\n<\/p><\/div>\n<div id=\"Ka_A_Propos_Titre\" class=\"Ka_Titre\">La singularit\u00e9 de Kas\u00e0lab\u00a0: rapprocher kas\u00e0l\u00e0 et approches narratives<\/div>\n<div class=\"Ka_Mentions_Legales_Parag Ka_Gauche\">\nKas\u00e0lab est un laboratoire po\u00e9tique \u00e0 impact \u00e9motionnel et relationnel positif, une fabrique du lien.<\/p>\n<p>Gr\u00e2ce \u00e0 notre expertise en approches narratives, nous proposons non seulement des formations au kas\u00e0l\u00e0 contemporain, mais \u00e9galement des rapprochements avec d\u2019autres pratiques narratives. C\u2019est-\u00e0-dire des pratiques o\u00f9 le r\u00e9cit n\u2019est pas qu\u2019une mise en mots de l\u2019exp\u00e9rience, mais une exp\u00e9rience initiatrice et cr\u00e9atrice \u00e0 part enti\u00e8re. <\/p>\n<p>Mettre sa vie en r\u00e9cit, c\u2019est lui redonner forme. Et si le r\u00e9cit est flatteur, enjou\u00e9, et focalis\u00e9 sur ce qui nous grandit et nous honore, alors il donne une forme enviable \u00e0 notre vie. Une forme dans laquelle nous avons envie de nous reconna\u00eetre, de nous accomplir, et l\u2019audace de nous incarner en bien, en beau, en grand. <\/p>\n<p>En soignant notre histoire, nous nous soignons nous-m\u00eame. Une attention po\u00e9tique qui po\u00e9tise la vie. En assumant le sens premier de poiesis qui signifie fabriquer. Et le r\u00e9cit se fait ma\u00efeutique. <\/p>\n<p>Cette approche plurielle donne lieu \u00e0 une programmation in\u00e9dite qui m\u00e9lange volontiers le kas\u00e0l\u00e0 et les approches narratives dans des formats distincts, ou en rapprochant les deux points de vue \u2013 kas\u00e0l\u00e0 et narratif \u2013 au sein d\u2019une m\u00eame formation.<\/p>\n<p>Kas\u00e0l\u00e0 contemporain et pratiques narratives peuvent se pratiquer avec beaucoup de b\u00e9n\u00e9fices en organisation, dans les \u00e9coles, et dans toutes les communaut\u00e9s o\u00f9 le lien entre personnes debout peut renforcer le collectif.\n<\/p><\/div>\n<\/div>\n<div class=\"ACC_INTER_BLOC\"><\/div>\n<div class=\"masquer\">************************ BAS DE PAGE **************************<\/div>\n<div id=\"CADRE_LOGO\" style=\"top:0; position:relative;\">\n<div id=\"CADRE_LOGO_MARQUE\"><\/div>\n<div id=\"CADRE_LOGO_BANDE\"><\/div>\n<div>\n<div id=\"CADRE_LOGO_IMAGE\"><\/div>\n<div id=\"CADRE_LOGO_FOND\"><\/div>\n<div id=\"CADRE_LOGO_LOGO\"><\/div>\n<div id=\"CADRE_LOGO_SLOGAN\">LA FABRIQUE DU LIEN<\/div>\n<\/div>\n<div id=\"CADRE_LOGO_TITRE\">L&rsquo;\u00e9cole fran\u00e7aise de Kas\u00e0l\u00e0 contemporain<\/div>\n<div class=\"masquer\">******************* MENU DE BAS DE PAGE &#8211; A COPIER **************************<\/div>\n<div class=\"CADRE_LOGO_MENTIONS\">\n<li class=\"CADRE_LOGO_MENU\"><a style=\"color:rgb(181,139,84);\" href=\"https:\/\/kasalab.fr\/index.php\/mentions-legales\/\">Mentions l\u00e9gales<\/a><\/li>\n<li class=\"CADRE_LOGO_MENU\"><a href=\"https:\/\/kasalab.fr\/index.php\/nos_partenaires\/\" style=\"color:rgb(181,139,84);\">Nos partenaires<\/a><\/li>\n<li class=\"CADRE_LOGO_MENU\"><a style=\"color:rgb(181,139,84);\" href=\"mailto:kasalab75@gmail.com?subject=Demande de renseignement\">Nous contacter<\/a><\/li>\n<li class=\"CADRE_LOGO_MENU\"><a style=\"color:rgb(181,139,84);\" href=\"https:\/\/kasalab.fr\/index.php\/newsletter\/\">Recevoir la Newsletter<\/a><\/li>\n<\/div>\n<div id=\"CADRE_LOGO_LINKEDIN\"><a style=\"color:whitesmoke;\" href=\"https:\/\/www.linkedin.com\/in\/marie-france-baroth-6998a461\/\">ln<\/a><\/div>\n<div id=\"CADRE_LOGO_INSTA\"><a style=\"color:whitesmoke;\" href=\"https:\/\/www.instagram.com\/kasala.france\">Insta<\/a><\/div>\n<div class=\"masquer\">*************** MENU DE BAS DE PAGE &#8211; FIN DE BLOC A COPIER ******************<\/div>\n<\/div>\n<\/div>\n","protected":false},"excerpt":{"rendered":"<p>************************ ENTETE *********************************** ******************* MENU A COPIER ************************** A propos Prochaines formations Nos publications Kas\u00e0l\u00e0s \u00e0 d\u00e9couvrir FAQ Kas\u00e0l\u00e0b Documentaire \u00ab\u00a0kasaleo, la r\u00e9v\u00e9lation\u00a0\u00bb Nos kas\u00e0leuses ont du talent Calendrier Quelles formations choisir ? Eskales narratives \u00c9crire et c\u00e9l\u00e9brer Newsletters Ressources Blog Podcast Livres sonores Kas\u00e0l\u00e0 \u00e0 mes lign\u00e9es Kas\u00e0l\u00e0 de l\u2019air Kas\u00e0l\u00e0 du serpent Le &hellip; <\/p>\n<p class=\"link-more\"><a href=\"https:\/\/kasalab.fr\/index.php\/a_propos_kasalab\/\" class=\"more-link\">Continuer la lecture<span class=\"screen-reader-text\"> de &laquo;&nbsp;A_Propos_Kasalab&nbsp;&raquo;<\/span><\/a><\/p>\n","protected":false},"author":1,"featured_media":0,"parent":0,"menu_order":0,"comment_status":"closed","ping_status":"closed","template":"","meta":{"footnotes":""},"simple-restrict-permission":[],"class_list":["post-45","page","type-page","status-publish","hentry"],"jetpack_sharing_enabled":true,"_links":{"self":[{"href":"https:\/\/kasalab.fr\/index.php\/wp-json\/wp\/v2\/pages\/45","targetHints":{"allow":["GET"]}}],"collection":[{"href":"https:\/\/kasalab.fr\/index.php\/wp-json\/wp\/v2\/pages"}],"about":[{"href":"https:\/\/kasalab.fr\/index.php\/wp-json\/wp\/v2\/types\/page"}],"author":[{"embeddable":true,"href":"https:\/\/kasalab.fr\/index.php\/wp-json\/wp\/v2\/users\/1"}],"replies":[{"embeddable":true,"href":"https:\/\/kasalab.fr\/index.php\/wp-json\/wp\/v2\/comments?post=45"}],"version-history":[{"count":12,"href":"https:\/\/kasalab.fr\/index.php\/wp-json\/wp\/v2\/pages\/45\/revisions"}],"predecessor-version":[{"id":580,"href":"https:\/\/kasalab.fr\/index.php\/wp-json\/wp\/v2\/pages\/45\/revisions\/580"}],"wp:attachment":[{"href":"https:\/\/kasalab.fr\/index.php\/wp-json\/wp\/v2\/media?parent=45"}],"wp:term":[{"taxonomy":"simple-restrict-permission","embeddable":true,"href":"https:\/\/kasalab.fr\/index.php\/wp-json\/wp\/v2\/simple-restrict-permission?post=45"}],"curies":[{"name":"wp","href":"https:\/\/api.w.org\/{rel}","templated":true}]}}