{"id":47,"date":"2024-12-29T15:44:42","date_gmt":"2024-12-29T14:44:42","guid":{"rendered":"http:\/\/kasalai.cluster027.hosting.ovh.net\/?page_id=47"},"modified":"2026-01-17T15:34:21","modified_gmt":"2026-01-17T14:34:21","slug":"a_propos_kasaleo","status":"publish","type":"page","link":"https:\/\/kasalab.fr\/index.php\/a_propos_kasaleo\/","title":{"rendered":"A_Propos_Kasaleo"},"content":{"rendered":"<div class=\"Ka_Fond_Article\">\n<div class=\"masquer\">************************ ENTETE ***********************************<\/div>\n<div class=\"ACC_INTER_BLOC\"><\/div>\n<p><a href=\"https:\/\/www.kasalab.fr\"><\/p>\n<div id=\"Ka_Entete\"><\/div>\n<p><\/a><\/p>\n<div class=\"ACC_INTER_BLOC\"><\/div>\n<div class=\"masquer\">******************* MENU A COPIER **************************<\/div>\n<div id=\"CADRE_LOGO_MENU\" style=\"height:auto;\">\n<li class=\"CADRE_LOGO_LISTE\" id=\"CLL_1\" onclick=\"Ouvre_Menu(1)\">A propos<\/li>\n<li class=\"CADRE_LOGO_LISTE\" id=\"CLL_2\" onclick=\"Ouvre_Menu(2)\">Prochaines formations<\/li>\n<li class=\"CADRE_LOGO_LISTE\" id=\"CLL_3\" onclick=\"Ouvre_Menu(3)\">Nos publications<\/li>\n<li class=\"CADRE_LOGO_LISTE\" id=\"CLL_4\" onclick=\"Ouvre_Menu(4)\">Kas\u00e0l\u00e0s \u00e0 d\u00e9couvrir<\/li>\n<li class=\"CADRE_LOGO_LISTE\" id=\"CLL_5\"><a href=\"https:\/\/kasalab.fr\/index.php\/questions\/\">FAQ<\/a><\/li>\n<\/div>\n<div id=\"CADRE_LOGO_SOUS_MENU_1\" class=\"SOUS_MENU\" >\n<li class=\"CADRE_LOGO_SML_1\"><a href=\"https:\/\/kasalab.fr\/index.php\/a_propos_kasalab\">Kas\u00e0l\u00e0b<\/a><\/li>\n<li class=\"CADRE_LOGO_SML_1\"><a href=\"https:\/\/kasalab.fr\/index.php\/a_propos_kasaleo\">Documentaire \u00ab\u00a0kasaleo, la r\u00e9v\u00e9lation\u00a0\u00bb<\/a><\/li>\n<li class=\"CADRE_LOGO_SML_1\"><a href=\"https:\/\/kasalab.fr\/index.php\/formatrices\">Nos kas\u00e0leuses ont du talent<\/a><\/li>\n<\/div>\n<div id=\"CADRE_LOGO_SOUS_MENU_2\" class=\"SOUS_MENU\" >\n<li class=\"CADRE_LOGO_SML_2\"><a href=\"https:\/\/kasalab.fr\/index.php\/calendrier\">Calendrier<\/a><\/li>\n<li class=\"CADRE_LOGO_SML_2\"><a href=\"https:\/\/kasalab.fr\/wp-content\/uploads\/Formations-Kasalab-3-volets.pdf\">Quelles formations choisir ?<\/a><\/li>\n<li class=\"CADRE_LOGO_SML_2\"><a href=\"http:\/\/kasalab.fr\/wp-content\/uploads\/V2-Eskale-Narrative-Corse.pdf\">Eskales narratives<\/a><\/li>\n<li class=\"CADRE_LOGO_SML_2\"><a href=\"http:\/\/kasalab.fr\/wp-content\/uploads\/Ecrire_Celebrer.pdf\">\u00c9crire et c\u00e9l\u00e9brer<\/a><\/li>\n<\/div>\n<div id=\"CADRE_LOGO_SOUS_MENU_3\" class=\"SOUS_MENU\" >\n<li class=\"CADRE_LOGO_SML_3\"><a href=\"https:\/\/kasalab.fr\/index.php\/newsletters\">Newsletters<\/a><\/li>\n<li class=\"CADRE_LOGO_SML_3\"><a href=\"https:\/\/kasalab.fr\/index.php\/ressources\/\">Ressources<\/a><\/li>\n<li class=\"CADRE_LOGO_SML_3\">Blog<\/li>\n<li class=\"CADRE_LOGO_SML_3\">Podcast<\/li>\n<li class=\"CADRE_LOGO_SML_3\">Livres sonores<\/li>\n<\/div>\n<div id=\"CADRE_LOGO_SOUS_MENU_4\" class=\"SOUS_MENU\" >\n<li class=\"CADRE_LOGO_SML_4\"><a href=\"https:\/\/kasalab.fr\/index.php\/Kasala_01\">Kas\u00e0l\u00e0 \u00e0 mes lign\u00e9es<\/a><\/li>\n<li class=\"CADRE_LOGO_SML_4\"><a href=\"https:\/\/kasalab.fr\/index.php\/Kasala_02\">Kas\u00e0l\u00e0 de l\u2019air<\/a><\/li>\n<li class=\"CADRE_LOGO_SML_4\"><a href=\"https:\/\/kasalab.fr\/index.php\/Kasala_03\">Kas\u00e0l\u00e0 du serpent<\/a><\/li>\n<li class=\"CADRE_LOGO_SML_4\"><a href=\"https:\/\/kasalab.fr\/index.php\/Kasala_04\">Le poing e<\/a><\/li>\n<li \nclass=\"CADRE_LOGO_SML_4\"><a href=\"https:\/\/kasalab.fr\/index.php\/Kasala_05\">Kas\u00e0l\u00e0 mosa\u00efque<\/a><\/li>\n<li \nclass=\"CADRE_LOGO_SML_4\"><a href=\"https:\/\/kasalab.fr\/wp-content\/uploads\/KA-Enterrement-RDC.mp4\">Kas\u00e0l\u00e0 de deuil au Congo<\/a><\/li>\n<\/div>\n<div id=\"CADRE_LOGO_SOUS_MENU_5\" class=\"SOUS_MENU\" >\n<li class=\"CADRE_LOGO_SML_5\"><a href=\"https:\/\/kasalab.fr\/index.php\/questions\/\">Questions<\/a><\/li>\n<\/div>\n<div class=\"masquer\">******************* FIN DE MENU A COPIER **************************<\/div>\n<div class=\"ACC_INTER_BLOC\"><\/div>\n<div class=\"masquer\">************************ NEWSLETTERS **************************<\/div>\n<div id=\"Ka_A_Propos_Kasaleo\">\n<h1 id=\"Ka_Kasaleo_Titre\" class=\"Ka_Titre\">Kasaleo, la r\u00e9v\u00e9lation<\/h1>\n<div class=\"Ka_Kasaleo_Parag\">\nKasaleo, la r\u00e9v\u00e9lation est un touchant voyage \u00e0 travers le temps et les cultures, de Rimouski \u00e0 Kinshasa, en passant par Bruxelles, qui r\u00e9v\u00e8le la force transformatrice du kas\u00e0l\u00e0, une forme de po\u00e9sie africaine dont la parole vise \u00e0 affirmer la place d&rsquo;un individu dans sa lign\u00e9e et sa communaut\u00e9. Cette minis\u00e9rie documentaire nous am\u00e8ne au coeur de la vie et des enseignements de Jean Kabuta, professeur \u00e0 Rimouski au Qu\u00e9bec, n\u00e9 au Congo, et \u00e0 la rencontre d&rsquo;hommes et de femmes d&rsquo;origines diverses qui ont en commun l&rsquo;apprentissage et la pratique d&rsquo;un kas\u00e0l\u00e0 contemporain.\n<\/div>\n<h2 class=\"Ka_Sous_Titre Ka_Dore\">Bande annonce<\/h2>\n<div class=\"Ka_Kasaleo_Video\">\n <iframe loading=\"lazy\" title=\"KASALEO, LA REVELATION  Bande annonce\" width=\"525\" height=\"295\" src=\"https:\/\/www.youtube.com\/embed\/61VlaitVgcU?feature=oembed\" frameborder=\"0\" allow=\"accelerometer; autoplay; clipboard-write; encrypted-media; gyroscope; picture-in-picture; web-share\" referrerpolicy=\"strict-origin-when-cross-origin\" allowfullscreen><\/iframe>\n<\/div>\n<\/div>\n<div class=\"masquer\">************************ BAS DE PAGE **************************<\/div>\n<div class=\"ACC_INTER_BLOC\" style=\"float:none;\"><\/div>\n<div id=\"CADRE_LOGO\" style=\"top:0; position:relative;\">\n<div id=\"CADRE_LOGO_MARQUE\"><\/div>\n<div id=\"CADRE_LOGO_BANDE\"><\/div>\n<div>\n<div id=\"CADRE_LOGO_IMAGE\"><\/div>\n<div id=\"CADRE_LOGO_FOND\"><\/div>\n<div id=\"CADRE_LOGO_LOGO\"><\/div>\n<div id=\"CADRE_LOGO_SLOGAN\">LA FABRIQUE DU LIEN<\/div>\n<\/div>\n<div id=\"CADRE_LOGO_TITRE\">L&rsquo;\u00e9cole fran\u00e7aise de Kas\u00e0l\u00e0 contemporain<\/div>\n<div class=\"masquer\">******************* MENU DE BAS DE PAGE &#8211; A COPIER **************************<\/div>\n<div class=\"CADRE_LOGO_MENTIONS\">\n<li class=\"CADRE_LOGO_MENU\"><a style=\"color:rgb(181,139,84);\" href=\"https:\/\/kasalab.fr\/index.php\/mentions-legales\/\">Mentions l\u00e9gales<\/a><\/li>\n<li class=\"CADRE_LOGO_MENU\"><a href=\"https:\/\/kasalab.fr\/index.php\/nos_partenaires\/\" style=\"color:rgb(181,139,84);\">Nos partenaires<\/a><\/li>\n<li class=\"CADRE_LOGO_MENU\"><a style=\"color:rgb(181,139,84);\" href=\"mailto:kasalab75@gmail.com?subject=Demande de renseignement\">Nous contacter<\/a><\/li>\n<li class=\"CADRE_LOGO_MENU\"><a style=\"color:rgb(181,139,84);\" href=\"https:\/\/kasalab.fr\/index.php\/newsletter\/\">Recevoir la Newsletter<\/a><\/li>\n<\/div>\n<div id=\"CADRE_LOGO_LINKEDIN\"><a style=\"color:whitesmoke;\" href=\"https:\/\/www.linkedin.com\/in\/marie-france-baroth-6998a461\/\">ln<\/a><\/div>\n<div id=\"CADRE_LOGO_INSTA\"><a style=\"color:whitesmoke;\" href=\"https:\/\/www.instagram.com\/kasala.france\">Insta<\/a><\/div>\n<div class=\"masquer\">*************** MENU DE BAS DE PAGE &#8211; FIN DE BLOC A COPIER ******************<\/div>\n<\/div>\n<\/div>\n","protected":false},"excerpt":{"rendered":"<p>************************ ENTETE *********************************** ******************* MENU A COPIER ************************** A propos Prochaines formations Nos publications Kas\u00e0l\u00e0s \u00e0 d\u00e9couvrir FAQ Kas\u00e0l\u00e0b Documentaire \u00ab\u00a0kasaleo, la r\u00e9v\u00e9lation\u00a0\u00bb Nos kas\u00e0leuses ont du talent Calendrier Quelles formations choisir ? Eskales narratives \u00c9crire et c\u00e9l\u00e9brer Newsletters Ressources Blog Podcast Livres sonores Kas\u00e0l\u00e0 \u00e0 mes lign\u00e9es Kas\u00e0l\u00e0 de l\u2019air Kas\u00e0l\u00e0 du serpent Le &hellip; <\/p>\n<p class=\"link-more\"><a href=\"https:\/\/kasalab.fr\/index.php\/a_propos_kasaleo\/\" class=\"more-link\">Continuer la lecture<span class=\"screen-reader-text\"> de &laquo;&nbsp;A_Propos_Kasaleo&nbsp;&raquo;<\/span><\/a><\/p>\n","protected":false},"author":1,"featured_media":0,"parent":0,"menu_order":0,"comment_status":"closed","ping_status":"closed","template":"","meta":{"footnotes":""},"simple-restrict-permission":[],"class_list":["post-47","page","type-page","status-publish","hentry"],"jetpack_sharing_enabled":true,"_links":{"self":[{"href":"https:\/\/kasalab.fr\/index.php\/wp-json\/wp\/v2\/pages\/47","targetHints":{"allow":["GET"]}}],"collection":[{"href":"https:\/\/kasalab.fr\/index.php\/wp-json\/wp\/v2\/pages"}],"about":[{"href":"https:\/\/kasalab.fr\/index.php\/wp-json\/wp\/v2\/types\/page"}],"author":[{"embeddable":true,"href":"https:\/\/kasalab.fr\/index.php\/wp-json\/wp\/v2\/users\/1"}],"replies":[{"embeddable":true,"href":"https:\/\/kasalab.fr\/index.php\/wp-json\/wp\/v2\/comments?post=47"}],"version-history":[{"count":11,"href":"https:\/\/kasalab.fr\/index.php\/wp-json\/wp\/v2\/pages\/47\/revisions"}],"predecessor-version":[{"id":581,"href":"https:\/\/kasalab.fr\/index.php\/wp-json\/wp\/v2\/pages\/47\/revisions\/581"}],"wp:attachment":[{"href":"https:\/\/kasalab.fr\/index.php\/wp-json\/wp\/v2\/media?parent=47"}],"wp:term":[{"taxonomy":"simple-restrict-permission","embeddable":true,"href":"https:\/\/kasalab.fr\/index.php\/wp-json\/wp\/v2\/simple-restrict-permission?post=47"}],"curies":[{"name":"wp","href":"https:\/\/api.w.org\/{rel}","templated":true}]}}