{"id":50,"date":"2024-12-29T15:58:26","date_gmt":"2024-12-29T14:58:26","guid":{"rendered":"http:\/\/kasalai.cluster027.hosting.ovh.net\/?page_id=50"},"modified":"2026-01-17T15:34:36","modified_gmt":"2026-01-17T14:34:36","slug":"calendrier","status":"publish","type":"page","link":"https:\/\/kasalab.fr\/index.php\/calendrier\/","title":{"rendered":"Calendrier"},"content":{"rendered":"<div class=\"Ka_Fond_Article\">\n<div class=\"masquer\">************************ ENTETE ***********************************<\/div>\n<div class=\"ACC_INTER_BLOC\"><\/div>\n<p><a href=\"https:\/\/www.kasalab.fr\"><\/p>\n<div id=\"Ka_Entete\">\n<\/div>\n<p><\/a><\/p>\n<div class=\"ACC_INTER_BLOC\"><\/div>\n<div class=\"masquer\">******************* MENU A COPIER **************************<\/div>\n<div id=\"CADRE_LOGO_MENU\" style=\"height:auto;\">\n<li class=\"CADRE_LOGO_LISTE\" id=\"CLL_1\" onclick=\"Ouvre_Menu(1)\">A propos<\/li>\n<li class=\"CADRE_LOGO_LISTE\" id=\"CLL_2\" onclick=\"Ouvre_Menu(2)\">Prochaines formations<\/li>\n<li class=\"CADRE_LOGO_LISTE\" id=\"CLL_3\" onclick=\"Ouvre_Menu(3)\">Nos publications<\/li>\n<li class=\"CADRE_LOGO_LISTE\" id=\"CLL_4\" onclick=\"Ouvre_Menu(4)\">Kas\u00e0l\u00e0s \u00e0 d\u00e9couvrir<\/li>\n<li class=\"CADRE_LOGO_LISTE\" id=\"CLL_5\"><a href=\"https:\/\/kasalab.fr\/index.php\/questions\/\">FAQ<\/a><\/li>\n<\/div>\n<div id=\"CADRE_LOGO_SOUS_MENU_1\" class=\"SOUS_MENU\" >\n<li class=\"CADRE_LOGO_SML_1\"><a href=\"https:\/\/kasalab.fr\/index.php\/a_propos_kasalab\">Kas\u00e0l\u00e0b<\/a><\/li>\n<li class=\"CADRE_LOGO_SML_1\"><a href=\"https:\/\/kasalab.fr\/index.php\/a_propos_kasaleo\">Documentaire \u00ab\u00a0kasaleo, la r\u00e9v\u00e9lation\u00a0\u00bb<\/a><\/li>\n<li class=\"CADRE_LOGO_SML_1\"><a href=\"https:\/\/kasalab.fr\/index.php\/formatrices\">Nos kas\u00e0leuses ont du talent<\/a><\/li>\n<\/div>\n<div id=\"CADRE_LOGO_SOUS_MENU_2\" class=\"SOUS_MENU\" >\n<li class=\"CADRE_LOGO_SML_2\"><a href=\"https:\/\/kasalab.fr\/index.php\/calendrier\">Calendrier<\/a><\/li>\n<li class=\"CADRE_LOGO_SML_2\"><a href=\"https:\/\/kasalab.fr\/wp-content\/uploads\/Formations-Kasalab-3-volets.pdf\">Quelles formations choisir ?<\/a><\/li>\n<li class=\"CADRE_LOGO_SML_2\"><a href=\"http:\/\/kasalab.fr\/wp-content\/uploads\/V2-Eskale-Narrative-Corse.pdf\">Eskales narratives<\/a><\/li>\n<li class=\"CADRE_LOGO_SML_2\"><a href=\"http:\/\/kasalab.fr\/wp-content\/uploads\/Ecrire_Celebrer.pdf\">\u00c9crire et c\u00e9l\u00e9brer<\/a><\/li>\n<\/div>\n<div id=\"CADRE_LOGO_SOUS_MENU_3\" class=\"SOUS_MENU\" >\n<li class=\"CADRE_LOGO_SML_3\"><a href=\"https:\/\/kasalab.fr\/index.php\/newsletters\">Newsletters<\/a><\/li>\n<li class=\"CADRE_LOGO_SML_3\"><a href=\"https:\/\/kasalab.fr\/index.php\/ressources\/\">Ressources<\/a><\/li>\n<li class=\"CADRE_LOGO_SML_3\">Blog<\/li>\n<li class=\"CADRE_LOGO_SML_3\">Podcast<\/li>\n<li class=\"CADRE_LOGO_SML_3\">Livres sonores<\/li>\n<\/div>\n<div id=\"CADRE_LOGO_SOUS_MENU_4\" class=\"SOUS_MENU\" >\n<li class=\"CADRE_LOGO_SML_4\"><a href=\"https:\/\/kasalab.fr\/index.php\/Kasala_01\">Kas\u00e0l\u00e0 \u00e0 mes lign\u00e9es<\/a><\/li>\n<li class=\"CADRE_LOGO_SML_4\"><a href=\"https:\/\/kasalab.fr\/index.php\/Kasala_02\">Kas\u00e0l\u00e0 de l\u2019air<\/a><\/li>\n<li class=\"CADRE_LOGO_SML_4\"><a href=\"https:\/\/kasalab.fr\/index.php\/Kasala_03\">Kas\u00e0l\u00e0 du serpent<\/a><\/li>\n<li class=\"CADRE_LOGO_SML_4\"><a href=\"https:\/\/kasalab.fr\/index.php\/Kasala_04\">Le poing e<\/a><\/li>\n<li \nclass=\"CADRE_LOGO_SML_4\"><a href=\"https:\/\/kasalab.fr\/index.php\/Kasala_05\">Kas\u00e0l\u00e0 mosa\u00efque<\/a><\/li>\n<li \nclass=\"CADRE_LOGO_SML_4\"><a href=\"https:\/\/kasalab.fr\/wp-content\/uploads\/KA-Enterrement-RDC.mp4\">Kas\u00e0l\u00e0 de deuil au Congo<\/a><\/li>\n<\/div>\n<div id=\"CADRE_LOGO_SOUS_MENU_5\" class=\"SOUS_MENU\" >\n<li class=\"CADRE_LOGO_SML_5\"><a href=\"https:\/\/kasalab.fr\/index.php\/questions\/\">Questions<\/a><\/li>\n<\/div>\n<div class=\"masquer\">******************* FIN DE MENU A COPIER **************************<\/div>\n<div class=\"ACC_INTER_BLOC\"><\/div>\n<div class=\"masquer\">************************ PAGE CALENDRIER **************************<\/div>\n<div id=\"Cal_Certif\">\n<div id=\"Cal_Volet_Droit\">\n<h1 id=\"Cal_Certif_Titre\">\n<span class=\"Ka_Titre Ka_Centre\">Formations \u00e9ligibles aux certifications de l\u2019EKAR<\/span><br \/>\n    <\/h1>\n<div>\n<div id=\"Cal_Certif_Oiseau\"><\/div>\n<div  id=\"Cal_Certif_Parag\" class=\"Ka_Centre Ka_Gras Ka_Dore\">Cliquez sur chaque formation<br \/>\npour en savoir plus<\/div>\n<\/p><\/div>\n<div id=\"Cal_Certif_Liste\">\n<li class=\"Cal_Li\"><a href=\"https:\/\/www.helloasso.com\/associations\/kasalab\/evenements\/anniversaire-ultime\" style=\"color:black;\"><span class=\"Ka_Form_Nom\"> Anniversaire ultime <\/span><span> le 20 d\u00e9cembre 2025<\/span><\/a><\/li>\n<li class=\"Cal_Li\"><a href=\"https:\/\/www.helloasso.com\/associations\/kasalab\/evenements\/programme-ecrire-et-celebrer-complet\" style=\"color:black;\"><span class=\"Ka_Form_Nom\"> Programme \u00ab \u00e9crire et c\u00e9l\u00e9brer \u00bb <\/span><span> d\u00e9bute le 10 janvier 2026<\/span><\/a><\/li>\n<li class=\"Cal_Li\"><a href=\"https:\/\/www.helloasso.com\/associations\/kasalab\/evenements\/programme-ecrire-et-celebrer\" style=\"color:black;\"><span class=\"Ka_Form_Nom\"> Programme \u00ab \u00e9crire et c\u00e9l\u00e9brer \u00bb <\/span><span> verser un acompte<\/span><\/a><\/li>\n<li class=\"Cal_Li\"><a href=\"https:\/\/www.helloasso.com\/associations\/kasalab\/evenements\/kasala-sensoriel\" style=\"color:black;\"><span class=\"Ka_Form_Nom\">Kas\u00e0l\u00e0 sensoriel<\/span><span> le 24 janvier 2026<\/span><\/li>\n<li class=\"Cal_Li\"><a href=\"https:\/\/www.helloasso.com\/associations\/kasalab\/evenements\/kasala-mosaique\" style=\"color:black;\"><span class=\"Ka_Form_Nom\">Kas\u00e0l\u00e0 mosa\u00efque<\/span><span> le 21 f\u00e9vrier 2026 <\/span><\/a><\/li>\n<li class=\"Cal_Li\"><a href=\"https:\/\/www.helloasso.com\/associations\/kasalab\/evenements\/kasala-de-depart-a-la-retraite\" style=\"color:black;\"><span class=\"Ka_Form_Nom\">C\u00e9l\u00e9brer un d\u00e9part \u00e0 la retraite <\/span><span> le 11 avril 2026 <\/span><\/a><\/li>\n<\/p><\/div>\n<\/p><\/div>\n<\/div>\n<div class=\"ACC_INTER_BLOC\"><\/div>\n<div id=\"Cal_Kawaa\">\n<div id=\"Cal_Volet_Droit\">\n<h1 id=\"Cal_Kawaa_Titre\">\n<span class=\"Ka_Titre Ka_Centre\">Ateliers d\u00e9couverte \u00e0 Paris<\/span><br \/>\n    <\/h1>\n<div id=\"Cal_Kawaa_Parag\">\n<span class=\"Ka_Gras Ka_Gauche\">Au kawaa 24 Avenue Daumesnil \u00e0 Paris 12e<br \/>\nVenez d\u00e9couvrir le kas\u00e0l\u00e0 contemporain lors d\u2019ateliers de 2h, en toute convivialit\u00e9<br \/>\nParticipation libre en conscience<br \/>\nSeule une consommation est exig\u00e9e, pour permettre au kawaa d\u2019organiser ses nombreuses activit\u00e9s ouvertes \u00e0 tous et toutes !<\/span>\n    <\/div>\n<div id=\"Cal_Kawaa_Parag\" class=\"Ka_Centre\">\n<span class=\"Ka_Gras\">La programmation de cet automne :<\/span><br \/>\n<span class=\"Ka_Gras Ka_Dore\">\u201cle kas\u00e0l\u00e0, kintsugi de l\u2019\u00e2me\u201d<\/span><br \/>\n<span class=\"Ka_Gras\">Venez vous chouchouter tout en vous amusant !<\/span>\n    <\/div>\n<div id=\"Cal_Kawaa_Parag\">\n<span class=\"Ka_Gauche\">Par respect pour les organisateurs, merci de vous inscrire via la plateforme du kawaa, Meetup ou HelloAsso&#8230; et de respecter votre engagement s\u2019il vous plait.\u00a0\u00bb<\/span>\n    <\/div>\n<\/p><\/div>\n<\/div>\n<div class=\"ACC_INTER_BLOC\"><\/div>\n<div class=\"masquer\">************************ BAS DE PAGE **************************<\/div>\n<div id=\"CADRE_LOGO\" style=\"top:0; position:relative;\">\n<div id=\"CADRE_LOGO_MARQUE\"><\/div>\n<div id=\"CADRE_LOGO_BANDE\"><\/div>\n<div>\n<div id=\"CADRE_LOGO_IMAGE\"><\/div>\n<div id=\"CADRE_LOGO_FOND\"><\/div>\n<div id=\"CADRE_LOGO_LOGO\"><\/div>\n<div id=\"CADRE_LOGO_SLOGAN\">LA FABRIQUE DU LIEN<\/div>\n<\/div>\n<div id=\"CADRE_LOGO_TITRE\">L&rsquo;\u00e9cole fran\u00e7aise de Kas\u00e0l\u00e0 contemporain<\/div>\n<div class=\"masquer\">******************* MENU DE BAS DE PAGE &#8211; A COPIER **************************<\/div>\n<div class=\"CADRE_LOGO_MENTIONS\">\n<li class=\"CADRE_LOGO_MENU\"><a style=\"color:rgb(181,139,84);\" href=\"https:\/\/kasalab.fr\/index.php\/mentions-legales\/\">Mentions l\u00e9gales<\/a><\/li>\n<li class=\"CADRE_LOGO_MENU\"><a href=\"https:\/\/kasalab.fr\/index.php\/nos_partenaires\/\" style=\"color:rgb(181,139,84);\">Nos partenaires<\/a><\/li>\n<li class=\"CADRE_LOGO_MENU\"><a style=\"color:rgb(181,139,84);\" href=\"mailto:kasalab75@gmail.com?subject=Demande de renseignement\">Nous contacter<\/a><\/li>\n<li class=\"CADRE_LOGO_MENU\"><a style=\"color:rgb(181,139,84);\" href=\"https:\/\/kasalab.fr\/index.php\/newsletter\/\">Recevoir la Newsletter<\/a><\/li>\n<\/div>\n<div id=\"CADRE_LOGO_LINKEDIN\"><a style=\"color:whitesmoke;\" href=\"https:\/\/www.linkedin.com\/in\/marie-france-baroth-6998a461\/\">ln<\/a><\/div>\n<div id=\"CADRE_LOGO_INSTA\"><a style=\"color:whitesmoke;\" href=\"https:\/\/www.instagram.com\/kasala.france\">Insta<\/a><\/div>\n<div class=\"masquer\">*************** MENU DE BAS DE PAGE &#8211; FIN DE BLOC A COPIER ******************<\/div>\n<\/div>\n<\/div>\n","protected":false},"excerpt":{"rendered":"<p>************************ ENTETE *********************************** ******************* MENU A COPIER ************************** A propos Prochaines formations Nos publications Kas\u00e0l\u00e0s \u00e0 d\u00e9couvrir FAQ Kas\u00e0l\u00e0b Documentaire \u00ab\u00a0kasaleo, la r\u00e9v\u00e9lation\u00a0\u00bb Nos kas\u00e0leuses ont du talent Calendrier Quelles formations choisir ? Eskales narratives \u00c9crire et c\u00e9l\u00e9brer Newsletters Ressources Blog Podcast Livres sonores Kas\u00e0l\u00e0 \u00e0 mes lign\u00e9es Kas\u00e0l\u00e0 de l\u2019air Kas\u00e0l\u00e0 du serpent Le &hellip; <\/p>\n<p class=\"link-more\"><a href=\"https:\/\/kasalab.fr\/index.php\/calendrier\/\" class=\"more-link\">Continuer la lecture<span class=\"screen-reader-text\"> de &laquo;&nbsp;Calendrier&nbsp;&raquo;<\/span><\/a><\/p>\n","protected":false},"author":1,"featured_media":0,"parent":0,"menu_order":0,"comment_status":"closed","ping_status":"closed","template":"","meta":{"footnotes":""},"simple-restrict-permission":[],"class_list":["post-50","page","type-page","status-publish","hentry"],"jetpack_sharing_enabled":true,"_links":{"self":[{"href":"https:\/\/kasalab.fr\/index.php\/wp-json\/wp\/v2\/pages\/50","targetHints":{"allow":["GET"]}}],"collection":[{"href":"https:\/\/kasalab.fr\/index.php\/wp-json\/wp\/v2\/pages"}],"about":[{"href":"https:\/\/kasalab.fr\/index.php\/wp-json\/wp\/v2\/types\/page"}],"author":[{"embeddable":true,"href":"https:\/\/kasalab.fr\/index.php\/wp-json\/wp\/v2\/users\/1"}],"replies":[{"embeddable":true,"href":"https:\/\/kasalab.fr\/index.php\/wp-json\/wp\/v2\/comments?post=50"}],"version-history":[{"count":29,"href":"https:\/\/kasalab.fr\/index.php\/wp-json\/wp\/v2\/pages\/50\/revisions"}],"predecessor-version":[{"id":582,"href":"https:\/\/kasalab.fr\/index.php\/wp-json\/wp\/v2\/pages\/50\/revisions\/582"}],"wp:attachment":[{"href":"https:\/\/kasalab.fr\/index.php\/wp-json\/wp\/v2\/media?parent=50"}],"wp:term":[{"taxonomy":"simple-restrict-permission","embeddable":true,"href":"https:\/\/kasalab.fr\/index.php\/wp-json\/wp\/v2\/simple-restrict-permission?post=50"}],"curies":[{"name":"wp","href":"https:\/\/api.w.org\/{rel}","templated":true}]}}