{"id":52,"date":"2024-12-29T15:59:24","date_gmt":"2024-12-29T14:59:24","guid":{"rendered":"http:\/\/kasalai.cluster027.hosting.ovh.net\/?page_id=52"},"modified":"2026-01-17T15:35:25","modified_gmt":"2026-01-17T14:35:25","slug":"formulaire-news-letter","status":"publish","type":"page","link":"https:\/\/kasalab.fr\/index.php\/formulaire-news-letter\/","title":{"rendered":"Formulaire News Letter"},"content":{"rendered":"<div class=\"Ka_Fond_Article\">\n<div class=\"masquer\">************************ ENTETE ***********************************<\/div>\n<div class=\"ACC_INTER_BLOC\"><\/div>\n<p><a href=\"https:\/\/www.kasalab.fr\"><\/p>\n<div id=\"Ka_Entete\"><\/div>\n<p><\/a><\/p>\n<div class=\"ACC_INTER_BLOC\"><\/div>\n<div class=\"masquer\">******************* MENU A COPIER **************************<\/div>\n<div id=\"CADRE_LOGO_MENU\" style=\"height:auto;\">\n<li class=\"CADRE_LOGO_LISTE\" id=\"CLL_1\" onclick=\"Ouvre_Menu(1)\">A propos<\/li>\n<li class=\"CADRE_LOGO_LISTE\" id=\"CLL_2\" onclick=\"Ouvre_Menu(2)\">Prochaines formations<\/li>\n<li class=\"CADRE_LOGO_LISTE\" id=\"CLL_3\" onclick=\"Ouvre_Menu(3)\">Nos publications<\/li>\n<li class=\"CADRE_LOGO_LISTE\" id=\"CLL_4\" onclick=\"Ouvre_Menu(4)\">Kas\u00e0l\u00e0s \u00e0 d\u00e9couvrir<\/li>\n<li class=\"CADRE_LOGO_LISTE\" id=\"CLL_5\"><a href=\"https:\/\/kasalab.fr\/index.php\/questions\/\">FAQ<\/a><\/li>\n<\/div>\n<div id=\"CADRE_LOGO_SOUS_MENU_1\" class=\"SOUS_MENU\" >\n<li class=\"CADRE_LOGO_SML_1\"><a href=\"https:\/\/kasalab.fr\/index.php\/a_propos_kasalab\">Kas\u00e0l\u00e0b<\/a><\/li>\n<li class=\"CADRE_LOGO_SML_1\"><a href=\"https:\/\/kasalab.fr\/index.php\/a_propos_kasaleo\">Documentaire \u00ab\u00a0kasaleo, la r\u00e9v\u00e9lation\u00a0\u00bb<\/a><\/li>\n<li class=\"CADRE_LOGO_SML_1\"><a href=\"https:\/\/kasalab.fr\/index.php\/formatrices\">Nos kas\u00e0leuses ont du talent<\/a><\/li>\n<\/div>\n<div id=\"CADRE_LOGO_SOUS_MENU_2\" class=\"SOUS_MENU\" >\n<li class=\"CADRE_LOGO_SML_2\"><a href=\"https:\/\/kasalab.fr\/index.php\/calendrier\">Calendrier<\/a><\/li>\n<li class=\"CADRE_LOGO_SML_2\"><a href=\"https:\/\/kasalab.fr\/wp-content\/uploads\/Formations-Kasalab-3-volets.pdf\">Quelles formations choisir ?<\/a><\/li>\n<li class=\"CADRE_LOGO_SML_2\"><a href=\"http:\/\/kasalab.fr\/wp-content\/uploads\/V2-Eskale-Narrative-Corse.pdf\">Eskales narratives<\/a><\/li>\n<li class=\"CADRE_LOGO_SML_2\"><a href=\"http:\/\/kasalab.fr\/wp-content\/uploads\/Ecrire_Celebrer.pdf\">\u00c9crire et c\u00e9l\u00e9brer<\/a><\/li>\n<\/div>\n<div id=\"CADRE_LOGO_SOUS_MENU_3\" class=\"SOUS_MENU\" >\n<li class=\"CADRE_LOGO_SML_3\"><a href=\"https:\/\/kasalab.fr\/index.php\/newsletters\">Newsletters<\/a><\/li>\n<li class=\"CADRE_LOGO_SML_3\"><a href=\"https:\/\/kasalab.fr\/index.php\/ressources\/\">Ressources<\/a><\/li>\n<li class=\"CADRE_LOGO_SML_3\">Blog<\/li>\n<li class=\"CADRE_LOGO_SML_3\">Podcast<\/li>\n<li class=\"CADRE_LOGO_SML_3\">Livres sonores<\/li>\n<\/div>\n<div id=\"CADRE_LOGO_SOUS_MENU_4\" class=\"SOUS_MENU\" >\n<li class=\"CADRE_LOGO_SML_4\"><a href=\"https:\/\/kasalab.fr\/index.php\/Kasala_01\">Kas\u00e0l\u00e0 \u00e0 mes lign\u00e9es<\/a><\/li>\n<li class=\"CADRE_LOGO_SML_4\"><a href=\"https:\/\/kasalab.fr\/index.php\/Kasala_02\">Kas\u00e0l\u00e0 de l\u2019air<\/a><\/li>\n<li class=\"CADRE_LOGO_SML_4\"><a href=\"https:\/\/kasalab.fr\/index.php\/Kasala_03\">Kas\u00e0l\u00e0 du serpent<\/a><\/li>\n<li class=\"CADRE_LOGO_SML_4\"><a href=\"https:\/\/kasalab.fr\/index.php\/Kasala_04\">Le poing e<\/a><\/li>\n<li \nclass=\"CADRE_LOGO_SML_4\"><a href=\"https:\/\/kasalab.fr\/index.php\/Kasala_05\">Kas\u00e0l\u00e0 mosa\u00efque<\/a><\/li>\n<li \nclass=\"CADRE_LOGO_SML_4\"><a href=\"https:\/\/kasalab.fr\/wp-content\/uploads\/KA-Enterrement-RDC.mp4\">Kas\u00e0l\u00e0 de deuil au Congo<\/a><\/li>\n<\/div>\n<div id=\"CADRE_LOGO_SOUS_MENU_5\" class=\"SOUS_MENU\" >\n<li class=\"CADRE_LOGO_SML_5\"><a href=\"https:\/\/kasalab.fr\/index.php\/questions\/\">Questions<\/a><\/li>\n<\/div>\n<div class=\"masquer\">******************* FIN DE MENU A COPIER **************************<\/div>\n<div class=\"ACC_INTER_BLOC\"><\/div>\n<div class=\"masquer\">******************* Formulaire NEWSLETTERS *********************<\/div>\n<div id=\"Ka_Recevoir_Newsletter\">\n<h1 class=\"Ka_Sous_Titre\">Vous souhaitez \u00eatre inform\u00e9.e. de nos derni\u00e8res actualit\u00e9s<\/h1>\n<div class=\"Ka_Recevoir_Newsletter_Parag\">Merci de compl\u00e9ter le formulaire ci-dessous afin de recevoir notre lettre d&rsquo;information.<\/p>\n\n<div class=\"wpcf7 no-js\" id=\"wpcf7-f95-o1\" lang=\"fr-FR\" dir=\"ltr\" data-wpcf7-id=\"95\">\n<div class=\"screen-reader-response\"><p role=\"status\" aria-live=\"polite\" aria-atomic=\"true\"><\/p> <ul><\/ul><\/div>\n<form action=\"\/index.php\/wp-json\/wp\/v2\/pages\/52#wpcf7-f95-o1\" method=\"post\" class=\"wpcf7-form init\" aria-label=\"Formulaire de contact\" novalidate=\"novalidate\" data-status=\"init\">\n<fieldset class=\"hidden-fields-container\"><input type=\"hidden\" name=\"_wpcf7\" value=\"95\" \/><input type=\"hidden\" name=\"_wpcf7_version\" value=\"6.1.5\" \/><input type=\"hidden\" name=\"_wpcf7_locale\" value=\"fr_FR\" \/><input type=\"hidden\" name=\"_wpcf7_unit_tag\" value=\"wpcf7-f95-o1\" \/><input type=\"hidden\" name=\"_wpcf7_container_post\" value=\"0\" \/><input type=\"hidden\" name=\"_wpcf7_posted_data_hash\" value=\"\" \/><input type=\"hidden\" name=\"_wpcf7_recaptcha_response\" value=\"\" \/>\n<\/fieldset>\n<p><label> Vos nom et pr\u00e9nom<br \/>\n<span class=\"wpcf7-form-control-wrap\" data-name=\"your-name\"><input size=\"40\" maxlength=\"400\" class=\"wpcf7-form-control wpcf7-text wpcf7-validates-as-required\" aria-required=\"true\" aria-invalid=\"false\" value=\"\" type=\"text\" name=\"your-name\" \/><\/span> <\/label>\n<\/p>\n<p><label> Votre adresse mail<br \/>\n<span class=\"wpcf7-form-control-wrap\" data-name=\"your-email\"><input size=\"40\" maxlength=\"400\" class=\"wpcf7-form-control wpcf7-email wpcf7-validates-as-required wpcf7-text wpcf7-validates-as-email\" aria-required=\"true\" aria-invalid=\"false\" value=\"\" type=\"email\" name=\"your-email\" \/><\/span> <\/label>\n<\/p>\n<p>[cf7ic]\n<\/p>\n<p><input class=\"wpcf7-form-control wpcf7-submit has-spinner\" type=\"submit\" value=\"Envoyer\" \/>\n<\/p><p style=\"display: none !important;\" class=\"akismet-fields-container\" data-prefix=\"_wpcf7_ak_\"><label>&#916;<textarea name=\"_wpcf7_ak_hp_textarea\" cols=\"45\" rows=\"8\" maxlength=\"100\"><\/textarea><\/label><input type=\"hidden\" id=\"ak_js_1\" name=\"_wpcf7_ak_js\" value=\"3\"\/><script>document.getElementById( \"ak_js_1\" ).setAttribute( \"value\", ( new Date() ).getTime() );<\/script><\/p><div class=\"wpcf7-response-output\" aria-hidden=\"true\"><\/div>\n<\/form>\n<\/div>\n<\/div>\n<\/div>\n<div class=\"masquer\">************************ BAS DE PAGE **************************<\/div>\n<div class=\"ACC_INTER_BLOC\" style=\"float:none;\"><\/div>\n<div id=\"CADRE_LOGO\" style=\"top:0; position:relative;\">\n<div id=\"CADRE_LOGO_MARQUE\"><\/div>\n<div id=\"CADRE_LOGO_BANDE\"><\/div>\n<div>\n<div id=\"CADRE_LOGO_IMAGE\"><\/div>\n<div id=\"CADRE_LOGO_FOND\"><\/div>\n<div id=\"CADRE_LOGO_LOGO\"><\/div>\n<div id=\"CADRE_LOGO_SLOGAN\">LA FABRIQUE DU LIEN<\/div>\n<\/div>\n<div id=\"CADRE_LOGO_TITRE\">L&rsquo;\u00e9cole fran\u00e7aise de Kas\u00e0l\u00e0 contemporain<\/div>\n<div class=\"masquer\">******************* MENU DE BAS DE PAGE &#8211; A COPIER **************************<\/div>\n<div class=\"CADRE_LOGO_MENTIONS\">\n<li class=\"CADRE_LOGO_MENU\"><a style=\"color:rgb(181,139,84);\" href=\"https:\/\/kasalab.fr\/index.php\/mentions-legales\/\">Mentions l\u00e9gales<\/a><\/li>\n<li class=\"CADRE_LOGO_MENU\"><a href=\"https:\/\/kasalab.fr\/index.php\/nos_partenaires\/\" style=\"color:rgb(181,139,84);\">Nos partenaires<\/a><\/li>\n<li class=\"CADRE_LOGO_MENU\"><a style=\"color:rgb(181,139,84);\" href=\"mailto:kasalab75@gmail.com?subject=Demande de renseignement\">Nous contacter<\/a><\/li>\n<li class=\"CADRE_LOGO_MENU\"><a style=\"color:rgb(181,139,84);\" href=\"https:\/\/kasalab.fr\/index.php\/newsletter\/\">Recevoir la Newsletter<\/a><\/li>\n<\/div>\n<div id=\"CADRE_LOGO_LINKEDIN\"><a style=\"color:whitesmoke;\" href=\"https:\/\/www.linkedin.com\/in\/marie-france-baroth-6998a461\/\">ln<\/a><\/div>\n<div id=\"CADRE_LOGO_INSTA\"><a style=\"color:whitesmoke;\" href=\"https:\/\/www.instagram.com\/kasala.france\">Insta<\/a><\/div>\n<div class=\"masquer\">*************** MENU DE BAS DE PAGE &#8211; FIN DE BLOC A COPIER ******************<\/div>\n<\/div>\n<\/div>\n","protected":false},"excerpt":{"rendered":"<p>************************ ENTETE *********************************** ******************* MENU A COPIER ************************** A propos Prochaines formations Nos publications Kas\u00e0l\u00e0s \u00e0 d\u00e9couvrir FAQ Kas\u00e0l\u00e0b Documentaire \u00ab\u00a0kasaleo, la r\u00e9v\u00e9lation\u00a0\u00bb Nos kas\u00e0leuses ont du talent Calendrier Quelles formations choisir ? Eskales narratives \u00c9crire et c\u00e9l\u00e9brer Newsletters Ressources Blog Podcast Livres sonores Kas\u00e0l\u00e0 \u00e0 mes lign\u00e9es Kas\u00e0l\u00e0 de l\u2019air Kas\u00e0l\u00e0 du serpent Le &hellip; <\/p>\n<p class=\"link-more\"><a href=\"https:\/\/kasalab.fr\/index.php\/formulaire-news-letter\/\" class=\"more-link\">Continuer la lecture<span class=\"screen-reader-text\"> de &laquo;&nbsp;Formulaire News Letter&nbsp;&raquo;<\/span><\/a><\/p>\n","protected":false},"author":1,"featured_media":0,"parent":0,"menu_order":0,"comment_status":"closed","ping_status":"closed","template":"","meta":{"footnotes":""},"simple-restrict-permission":[],"class_list":["post-52","page","type-page","status-publish","hentry"],"jetpack_sharing_enabled":true,"_links":{"self":[{"href":"https:\/\/kasalab.fr\/index.php\/wp-json\/wp\/v2\/pages\/52","targetHints":{"allow":["GET"]}}],"collection":[{"href":"https:\/\/kasalab.fr\/index.php\/wp-json\/wp\/v2\/pages"}],"about":[{"href":"https:\/\/kasalab.fr\/index.php\/wp-json\/wp\/v2\/types\/page"}],"author":[{"embeddable":true,"href":"https:\/\/kasalab.fr\/index.php\/wp-json\/wp\/v2\/users\/1"}],"replies":[{"embeddable":true,"href":"https:\/\/kasalab.fr\/index.php\/wp-json\/wp\/v2\/comments?post=52"}],"version-history":[{"count":11,"href":"https:\/\/kasalab.fr\/index.php\/wp-json\/wp\/v2\/pages\/52\/revisions"}],"predecessor-version":[{"id":585,"href":"https:\/\/kasalab.fr\/index.php\/wp-json\/wp\/v2\/pages\/52\/revisions\/585"}],"wp:attachment":[{"href":"https:\/\/kasalab.fr\/index.php\/wp-json\/wp\/v2\/media?parent=52"}],"wp:term":[{"taxonomy":"simple-restrict-permission","embeddable":true,"href":"https:\/\/kasalab.fr\/index.php\/wp-json\/wp\/v2\/simple-restrict-permission?post=52"}],"curies":[{"name":"wp","href":"https:\/\/api.w.org\/{rel}","templated":true}]}}