{"id":58,"date":"2024-12-29T17:00:37","date_gmt":"2024-12-29T16:00:37","guid":{"rendered":"http:\/\/kasalai.cluster027.hosting.ovh.net\/?page_id=58"},"modified":"2026-01-17T15:36:02","modified_gmt":"2026-01-17T14:36:02","slug":"kasala_03","status":"publish","type":"page","link":"https:\/\/kasalab.fr\/index.php\/kasala_03\/","title":{"rendered":"Kasala_03"},"content":{"rendered":"<div class=\"Ka_Fond_Article\">\n<div class=\"masquer\">************************ ENTETE ***********************************<\/div>\n<div class=\"ACC_INTER_BLOC\"><\/div>\n<p><a href=\"https:\/\/www.kasalab.fr\"><\/p>\n<div id=\"Ka_Entete\"><\/div>\n<p><\/a><\/p>\n<div class=\"ACC_INTER_BLOC\"><\/div>\n<div class=\"masquer\">******************* MENU A COPIER **************************<\/div>\n<div id=\"CADRE_LOGO_MENU\" style=\"height:auto;\">\n<li class=\"CADRE_LOGO_LISTE\" id=\"CLL_1\" onclick=\"Ouvre_Menu(1)\">A propos<\/li>\n<li class=\"CADRE_LOGO_LISTE\" id=\"CLL_2\" onclick=\"Ouvre_Menu(2)\">Prochaines formations<\/li>\n<li class=\"CADRE_LOGO_LISTE\" id=\"CLL_3\" onclick=\"Ouvre_Menu(3)\">Nos publications<\/li>\n<li class=\"CADRE_LOGO_LISTE\" id=\"CLL_4\" onclick=\"Ouvre_Menu(4)\">Kas\u00e0l\u00e0s \u00e0 d\u00e9couvrir<\/li>\n<li class=\"CADRE_LOGO_LISTE\" id=\"CLL_5\"><a href=\"https:\/\/kasalab.fr\/index.php\/questions\/\">FAQ<\/a><\/li>\n<\/div>\n<div id=\"CADRE_LOGO_SOUS_MENU_1\" class=\"SOUS_MENU\" >\n<li class=\"CADRE_LOGO_SML_1\"><a href=\"https:\/\/kasalab.fr\/index.php\/a_propos_kasalab\">Kas\u00e0l\u00e0b<\/a><\/li>\n<li class=\"CADRE_LOGO_SML_1\"><a href=\"https:\/\/kasalab.fr\/index.php\/a_propos_kasaleo\">Documentaire \u00ab\u00a0kasaleo, la r\u00e9v\u00e9lation\u00a0\u00bb<\/a><\/li>\n<li class=\"CADRE_LOGO_SML_1\"><a href=\"https:\/\/kasalab.fr\/index.php\/formatrices\">Nos kas\u00e0leuses ont du talent<\/a><\/li>\n<\/div>\n<div id=\"CADRE_LOGO_SOUS_MENU_2\" class=\"SOUS_MENU\" >\n<li class=\"CADRE_LOGO_SML_2\"><a href=\"https:\/\/kasalab.fr\/index.php\/calendrier\">Calendrier<\/a><\/li>\n<li class=\"CADRE_LOGO_SML_2\"><a href=\"https:\/\/kasalab.fr\/wp-content\/uploads\/Formations-Kasalab-3-volets.pdf\">Quelles formations choisir ?<\/a><\/li>\n<li class=\"CADRE_LOGO_SML_2\"><a href=\"http:\/\/kasalab.fr\/wp-content\/uploads\/V2-Eskale-Narrative-Corse.pdf\">Eskales narratives<\/a><\/li>\n<li class=\"CADRE_LOGO_SML_2\"><a href=\"http:\/\/kasalab.fr\/wp-content\/uploads\/Ecrire_Celebrer.pdf\">\u00c9crire et c\u00e9l\u00e9brer<\/a><\/li>\n<\/div>\n<div id=\"CADRE_LOGO_SOUS_MENU_3\" class=\"SOUS_MENU\" >\n<li class=\"CADRE_LOGO_SML_3\"><a href=\"https:\/\/kasalab.fr\/index.php\/newsletters\">Newsletters<\/a><\/li>\n<li class=\"CADRE_LOGO_SML_3\"><a href=\"https:\/\/kasalab.fr\/index.php\/ressources\/\">Ressources<\/a><\/li>\n<li class=\"CADRE_LOGO_SML_3\">Blog<\/li>\n<li class=\"CADRE_LOGO_SML_3\">Podcast<\/li>\n<li class=\"CADRE_LOGO_SML_3\">Livres sonores<\/li>\n<\/div>\n<div id=\"CADRE_LOGO_SOUS_MENU_4\" class=\"SOUS_MENU\" >\n<li class=\"CADRE_LOGO_SML_4\"><a href=\"https:\/\/kasalab.fr\/index.php\/Kasala_01\">Kas\u00e0l\u00e0 \u00e0 mes lign\u00e9es<\/a><\/li>\n<li class=\"CADRE_LOGO_SML_4\"><a href=\"https:\/\/kasalab.fr\/index.php\/Kasala_02\">Kas\u00e0l\u00e0 de l\u2019air<\/a><\/li>\n<li class=\"CADRE_LOGO_SML_4\"><a href=\"https:\/\/kasalab.fr\/index.php\/Kasala_03\">Kas\u00e0l\u00e0 du serpent<\/a><\/li>\n<li class=\"CADRE_LOGO_SML_4\"><a href=\"https:\/\/kasalab.fr\/index.php\/Kasala_04\">Le poing e<\/a><\/li>\n<li \nclass=\"CADRE_LOGO_SML_4\"><a href=\"https:\/\/kasalab.fr\/index.php\/Kasala_05\">Kas\u00e0l\u00e0 mosa\u00efque<\/a><\/li>\n<li \nclass=\"CADRE_LOGO_SML_4\"><a href=\"https:\/\/kasalab.fr\/wp-content\/uploads\/KA-Enterrement-RDC.mp4\">Kas\u00e0l\u00e0 de deuil au Congo<\/a><\/li>\n<\/div>\n<div id=\"CADRE_LOGO_SOUS_MENU_5\" class=\"SOUS_MENU\" >\n<li class=\"CADRE_LOGO_SML_5\"><a href=\"https:\/\/kasalab.fr\/index.php\/questions\/\">Questions<\/a><\/li>\n<\/div>\n<div class=\"masquer\">******************* FIN DE MENU A COPIER **************************<\/div>\n<div class=\"ACC_INTER_BLOC\"><\/div>\n<div class=\"masquer\">************ Kasalath\u00e8que **** Kas\u00e0l\u00e0 du serpent **************<\/div>\n<div id=\"Ka_Kasalatheque_3\" class=\"Ka_Kasalatheque\">\n<div id=\"Ka_Kasaleo_Titre\" class=\"Ka_Titre\">Kas\u00e0l\u00e0 du serpent<\/div>\n<div class=\"Ka_Kasaleo_Parag Ka_Centre\">\nJe suis le serpent mal aim\u00e9<br \/>\nPourtant je vis pr\u00e8s de la terre<br \/>\nCr\u00e9ature humble s\u2019il en est<br \/>\nJe ne peux pas mieux m\u2019abaisser<\/p>\n<p>Humble mais pas humili\u00e9<br \/>\nC\u2019est dire que je ne suis pas soumis<br \/>\nPuisque je ne suis pas muet<br \/>\nMa langue double me permet<br \/>\nDe parler en mon nom au \u00ab\u00a0je\u00a0\u00bb<br \/>\nMais aussi en celui de l\u2019autre<br \/>\nAu \u00ab\u00a0je\u00a0\u00bb au \u00ab\u00a0tu\u00a0\u00bb<br \/>\nComme il me pla\u00eet<\/p>\n<p>Car savez-vous m\u00eame si je rampe<br \/>\nJ\u2019ai droit comme tout \u00eatre vivant<br \/>\nPas \u00e0 une chaise pour mon s\u00e9ant<br \/>\nMais \u00e0 une belle place au soleil<br \/>\nEt j\u2019en profite<br \/>\nJe m\u2019en d\u00e9lecte<br \/>\nJe m\u2019en nourris<br \/>\nM\u2019en \u00e9merveille<\/p>\n<p>Quand vous croyez que je sommeille<br \/>\nVous vous trompez<br \/>\nJe suis actif<br \/>\nJe transforme ce feu naturel<br \/>\nJe m\u00e9tabolise le soleil<br \/>\nEn \u00e9nergie existentielle<br \/>\nJe puise la force de me d\u00e9faire<br \/>\nDe mes superficialit\u00e9s<br \/>\nMes inutiles et mes poids morts<\/p>\n<p>Et je m\u2019all\u00e8ge de ma peau<br \/>\nPour qu\u2019une nouvelle me pousse<br \/>\nPeut-\u00eatre plus proche de mon \u00e2me<br \/>\nQue j\u2019ai fi\u00e8re belle noble l\u00e9g\u00e8re<br \/>\nM\u00eame si mon corps froid vous repousse<\/p>\n<p>Ainsi plus l\u00e9ger<br \/>\nPlus alerte<br \/>\nJe glisseJe me fonds dans les herbes<br \/>\nJ\u2019adapte ma forme aux contraintes<br \/>\nDu terrain de jeu qu\u2019est la vie<br \/>\nQui glisse sur moi sans me d\u00e9faire<br \/>\nSans toucher \u00e0 mon essentiel<br \/>\nQui n\u2019est pas la connaissance<br \/>\nCe n\u2019est l\u00e0 que mon r\u00f4le biblique<br \/>\nPour tester l\u2019\u00e2me des humains<br \/>\nLes aider \u00e0 progresser<br \/>\nSur un plan spirituel<br \/>\nDevenir plus h\u00e9ro\u00efques<\/p>\n<p>Libre m\u00eame si je n\u2019ai pas d\u2019ailes<br \/>\nJe sinue vers ma prochaine mue<br \/>\nAfin qu\u2019elle me renouvelle<\/p>\n<p>Moi Marie-France<br \/>\nApr\u00e8s \u00c8ve ayant succomb\u00e9<br \/>\nAux charmes de la connaissance<br \/>\nJ\u2019essaye de gagner mes ailes<br \/>\nEt comme le serpent de muer<br \/>\nEn retournant les mots concepts<br \/>\nPour les \u00e9prouver \u00e0 l\u2019envers<br \/>\nPar mes sens les faire p\u00e9n\u00e9trer<br \/>\nOuvrir une faille<br \/>\nUne fen\u00eatre<br \/>\nComme le kas\u00e0l\u00e0 le promet<br \/>\nEt puis retourner dans l\u2019Eden<br \/>\nPour m\u2019y sentir \u00e9merveill\u00e9e<\/p>\n<p><span class=\"Ka_Italic\">Cr\u00e9\u00e9 par Marie-France<\/span>\n<\/div>\n<\/div>\n<div class=\"masquer\">************************ BAS DE PAGE **************************<\/div>\n<div class=\"ACC_INTER_BLOC\" style=\"float:none;\"><\/div>\n<div id=\"CADRE_LOGO\" style=\"top:0; position:relative;\">\n<div id=\"CADRE_LOGO_MARQUE\"><\/div>\n<div id=\"CADRE_LOGO_BANDE\"><\/div>\n<div>\n<div id=\"CADRE_LOGO_IMAGE\"><\/div>\n<div id=\"CADRE_LOGO_FOND\"><\/div>\n<div id=\"CADRE_LOGO_LOGO\"><\/div>\n<div id=\"CADRE_LOGO_SLOGAN\">LA FABRIQUE DU LIEN<\/div>\n<\/div>\n<div id=\"CADRE_LOGO_TITRE\">L&rsquo;\u00e9cole fran\u00e7aise de Kas\u00e0l\u00e0 contemporain<\/div>\n<div class=\"masquer\">******************* MENU DE BAS DE PAGE &#8211; A COPIER **************************<\/div>\n<div class=\"CADRE_LOGO_MENTIONS\">\n<li class=\"CADRE_LOGO_MENU\"><a style=\"color:rgb(181,139,84);\" href=\"https:\/\/kasalab.fr\/index.php\/mentions-legales\/\">Mentions l\u00e9gales<\/a><\/li>\n<li class=\"CADRE_LOGO_MENU\"><a href=\"https:\/\/kasalab.fr\/index.php\/nos_partenaires\/\" style=\"color:rgb(181,139,84);\">Nos partenaires<\/a><\/li>\n<li class=\"CADRE_LOGO_MENU\"><a style=\"color:rgb(181,139,84);\" href=\"mailto:kasalab75@gmail.com?subject=Demande de renseignement\">Nous contacter<\/a><\/li>\n<li class=\"CADRE_LOGO_MENU\"><a style=\"color:rgb(181,139,84);\" href=\"https:\/\/kasalab.fr\/index.php\/newsletter\/\">Recevoir la Newsletter<\/a><\/li>\n<\/div>\n<div id=\"CADRE_LOGO_LINKEDIN\"><a style=\"color:whitesmoke;\" href=\"https:\/\/www.linkedin.com\/in\/marie-france-baroth-6998a461\/\">ln<\/a><\/div>\n<div id=\"CADRE_LOGO_INSTA\"><a style=\"color:whitesmoke;\" href=\"https:\/\/www.instagram.com\/kasala.france\">Insta<\/a><\/div>\n<div class=\"masquer\">*************** MENU DE BAS DE PAGE &#8211; FIN DE BLOC A COPIER ******************<\/div>\n<\/div>\n<\/div>\n","protected":false},"excerpt":{"rendered":"<p>************************ ENTETE *********************************** ******************* MENU A COPIER ************************** A propos Prochaines formations Nos publications Kas\u00e0l\u00e0s \u00e0 d\u00e9couvrir FAQ Kas\u00e0l\u00e0b Documentaire \u00ab\u00a0kasaleo, la r\u00e9v\u00e9lation\u00a0\u00bb Nos kas\u00e0leuses ont du talent Calendrier Quelles formations choisir ? Eskales narratives \u00c9crire et c\u00e9l\u00e9brer Newsletters Ressources Blog Podcast Livres sonores Kas\u00e0l\u00e0 \u00e0 mes lign\u00e9es Kas\u00e0l\u00e0 de l\u2019air Kas\u00e0l\u00e0 du serpent Le &hellip; <\/p>\n<p class=\"link-more\"><a href=\"https:\/\/kasalab.fr\/index.php\/kasala_03\/\" class=\"more-link\">Continuer la lecture<span class=\"screen-reader-text\"> de &laquo;&nbsp;Kasala_03&nbsp;&raquo;<\/span><\/a><\/p>\n","protected":false},"author":1,"featured_media":0,"parent":0,"menu_order":0,"comment_status":"closed","ping_status":"closed","template":"","meta":{"footnotes":""},"simple-restrict-permission":[],"class_list":["post-58","page","type-page","status-publish","hentry"],"jetpack_sharing_enabled":true,"_links":{"self":[{"href":"https:\/\/kasalab.fr\/index.php\/wp-json\/wp\/v2\/pages\/58","targetHints":{"allow":["GET"]}}],"collection":[{"href":"https:\/\/kasalab.fr\/index.php\/wp-json\/wp\/v2\/pages"}],"about":[{"href":"https:\/\/kasalab.fr\/index.php\/wp-json\/wp\/v2\/types\/page"}],"author":[{"embeddable":true,"href":"https:\/\/kasalab.fr\/index.php\/wp-json\/wp\/v2\/users\/1"}],"replies":[{"embeddable":true,"href":"https:\/\/kasalab.fr\/index.php\/wp-json\/wp\/v2\/comments?post=58"}],"version-history":[{"count":9,"href":"https:\/\/kasalab.fr\/index.php\/wp-json\/wp\/v2\/pages\/58\/revisions"}],"predecessor-version":[{"id":588,"href":"https:\/\/kasalab.fr\/index.php\/wp-json\/wp\/v2\/pages\/58\/revisions\/588"}],"wp:attachment":[{"href":"https:\/\/kasalab.fr\/index.php\/wp-json\/wp\/v2\/media?parent=58"}],"wp:term":[{"taxonomy":"simple-restrict-permission","embeddable":true,"href":"https:\/\/kasalab.fr\/index.php\/wp-json\/wp\/v2\/simple-restrict-permission?post=58"}],"curies":[{"name":"wp","href":"https:\/\/api.w.org\/{rel}","templated":true}]}}