{"id":62,"date":"2024-12-29T17:02:37","date_gmt":"2024-12-29T16:02:37","guid":{"rendered":"http:\/\/kasalai.cluster027.hosting.ovh.net\/?page_id=62"},"modified":"2026-01-17T15:36:28","modified_gmt":"2026-01-17T14:36:28","slug":"kasala_05","status":"publish","type":"page","link":"https:\/\/kasalab.fr\/index.php\/kasala_05\/","title":{"rendered":"Kasala_05"},"content":{"rendered":"<div class=\"Ka_Fond_Article\">\n<div class=\"masquer\">************************ ENTETE ***********************************<\/div>\n<div class=\"ACC_INTER_BLOC\"><\/div>\n<p><a href=\"https:\/\/www.kasalab.fr\"><\/p>\n<div id=\"Ka_Entete\"><\/div>\n<p><\/a><\/p>\n<div class=\"ACC_INTER_BLOC\"><\/div>\n<div class=\"masquer\">******************* MENU A COPIER **************************<\/div>\n<div id=\"CADRE_LOGO_MENU\" style=\"height:auto;\">\n<li class=\"CADRE_LOGO_LISTE\" id=\"CLL_1\" onclick=\"Ouvre_Menu(1)\">A propos<\/li>\n<li class=\"CADRE_LOGO_LISTE\" id=\"CLL_2\" onclick=\"Ouvre_Menu(2)\">Prochaines formations<\/li>\n<li class=\"CADRE_LOGO_LISTE\" id=\"CLL_3\" onclick=\"Ouvre_Menu(3)\">Nos publications<\/li>\n<li class=\"CADRE_LOGO_LISTE\" id=\"CLL_4\" onclick=\"Ouvre_Menu(4)\">Kas\u00e0l\u00e0s \u00e0 d\u00e9couvrir<\/li>\n<li class=\"CADRE_LOGO_LISTE\" id=\"CLL_5\"><a href=\"https:\/\/kasalab.fr\/index.php\/questions\/\">FAQ<\/a><\/li>\n<\/div>\n<div id=\"CADRE_LOGO_SOUS_MENU_1\" class=\"SOUS_MENU\" >\n<li class=\"CADRE_LOGO_SML_1\"><a href=\"https:\/\/kasalab.fr\/index.php\/a_propos_kasalab\">Kas\u00e0l\u00e0b<\/a><\/li>\n<li class=\"CADRE_LOGO_SML_1\"><a href=\"https:\/\/kasalab.fr\/index.php\/a_propos_kasaleo\">Documentaire \u00ab\u00a0kasaleo, la r\u00e9v\u00e9lation\u00a0\u00bb<\/a><\/li>\n<li class=\"CADRE_LOGO_SML_1\"><a href=\"https:\/\/kasalab.fr\/index.php\/formatrices\">Nos kas\u00e0leuses ont du talent<\/a><\/li>\n<\/div>\n<div id=\"CADRE_LOGO_SOUS_MENU_2\" class=\"SOUS_MENU\" >\n<li class=\"CADRE_LOGO_SML_2\"><a href=\"https:\/\/kasalab.fr\/index.php\/calendrier\">Calendrier<\/a><\/li>\n<li class=\"CADRE_LOGO_SML_2\"><a href=\"https:\/\/kasalab.fr\/wp-content\/uploads\/Formations-Kasalab-3-volets.pdf\">Quelles formations choisir ?<\/a><\/li>\n<li class=\"CADRE_LOGO_SML_2\"><a href=\"http:\/\/kasalab.fr\/wp-content\/uploads\/V2-Eskale-Narrative-Corse.pdf\">Eskales narratives<\/a><\/li>\n<li class=\"CADRE_LOGO_SML_2\"><a href=\"http:\/\/kasalab.fr\/wp-content\/uploads\/Ecrire_Celebrer.pdf\">\u00c9crire et c\u00e9l\u00e9brer<\/a><\/li>\n<\/div>\n<div id=\"CADRE_LOGO_SOUS_MENU_3\" class=\"SOUS_MENU\" >\n<li class=\"CADRE_LOGO_SML_3\"><a href=\"https:\/\/kasalab.fr\/index.php\/newsletters\">Newsletters<\/a><\/li>\n<li class=\"CADRE_LOGO_SML_3\"><a href=\"https:\/\/kasalab.fr\/index.php\/ressources\/\">Ressources<\/a><\/li>\n<li class=\"CADRE_LOGO_SML_3\">Blog<\/li>\n<li class=\"CADRE_LOGO_SML_3\">Podcast<\/li>\n<li class=\"CADRE_LOGO_SML_3\">Livres sonores<\/li>\n<\/div>\n<div id=\"CADRE_LOGO_SOUS_MENU_4\" class=\"SOUS_MENU\" >\n<li class=\"CADRE_LOGO_SML_4\"><a href=\"https:\/\/kasalab.fr\/index.php\/Kasala_01\">Kas\u00e0l\u00e0 \u00e0 mes lign\u00e9es<\/a><\/li>\n<li class=\"CADRE_LOGO_SML_4\"><a href=\"https:\/\/kasalab.fr\/index.php\/Kasala_02\">Kas\u00e0l\u00e0 de l\u2019air<\/a><\/li>\n<li class=\"CADRE_LOGO_SML_4\"><a href=\"https:\/\/kasalab.fr\/index.php\/Kasala_03\">Kas\u00e0l\u00e0 du serpent<\/a><\/li>\n<li class=\"CADRE_LOGO_SML_4\"><a href=\"https:\/\/kasalab.fr\/index.php\/Kasala_04\">Le poing e<\/a><\/li>\n<li \nclass=\"CADRE_LOGO_SML_4\"><a href=\"https:\/\/kasalab.fr\/index.php\/Kasala_05\">Kas\u00e0l\u00e0 mosa\u00efque<\/a><\/li>\n<li \nclass=\"CADRE_LOGO_SML_4\"><a href=\"https:\/\/kasalab.fr\/wp-content\/uploads\/KA-Enterrement-RDC.mp4\">Kas\u00e0l\u00e0 de deuil au Congo<\/a><\/li>\n<\/div>\n<div id=\"CADRE_LOGO_SOUS_MENU_5\" class=\"SOUS_MENU\" >\n<li class=\"CADRE_LOGO_SML_5\"><a href=\"https:\/\/kasalab.fr\/index.php\/questions\/\">Questions<\/a><\/li>\n<\/div>\n<div class=\"masquer\">******************* FIN DE MENU A COPIER **************************<\/div>\n<div class=\"ACC_INTER_BLOC\"><\/div>\n<div class=\"masquer\">************ Kasalath\u00e8que **** Kasala Mosa\u00efque Hospitali\u00e8re**************<\/div>\n<div id=\"Ka_Kasalatheque_4\" class=\"Ka_Kasalatheque\">\n<div id=\"Ka_Kasaleo_Titre\" class=\"Ka_Titre\">Kas\u00e0l\u00e0 mosa\u00efque de la biographie hospitali\u00e8re<\/div>\n<div class=\"Ka_Kasaleo_Parag Ka_Centre\">\n<p>Apr\u00e8s cam\u00e9l\u00e9on<br \/>\nApr\u00e8s Jean Kabuta<br \/>\nApr\u00e8s des mots d\u00e9j\u00e0<br \/>\nLa f\u00eate de la parole<br \/>\nL\u00e0 commence une danse !<\/p>\n<p>Une danse de mots<br \/>\nQui racontent une histoire.<\/p>\n<p>Val\u00e9ria la premi\u00e8re<br \/>\nElle nous dit la gen\u00e8se<br \/>\nCelle du poids qui s\u2019all\u00e8ge<br \/>\nPar la biographie<br \/>\nCelle du fil qui se tisse<br \/>\nLe sac \u00e0 dos trop lourd<br \/>\nTresse les rangs<br \/>\nLa lign\u00e9e<br \/>\nEt le fil devient d\u2019or<br \/>\nLorsqu\u2019un autre tient la plume<br \/>\nPour nous accompagner.<\/p>\n<p>Apr\u00e8s le point final ?<br \/>\nIl reste du papier<br \/>\nPour dire encore la vie<br \/>\nLa vie apr\u00e8s la vie<br \/>\nPapier immacul\u00e9<br \/>\nOu page qui se noircit<br \/>\nDe souvenirs sacr\u00e9s.<\/p>\n<p>Delphine lance la question<br \/>\n\u00ab mais qu\u2019est-ce qui fait l\u2019homme \u00bb ?<br \/>\nLangage ? Humour ? Rite ?<br \/>\nQue neni ! Non !<br \/>\nCe sont les histoires<br \/>\nQue l\u2019on cr\u00e9e<br \/>\nQue l\u2019on croit<\/p>\n<p>Delphine est Rebecca<br \/>\nCelle qui tend sa cruche<br \/>\n\u00c0 tous ceux qui ont soif<br \/>\nMais le filet qui coule<br \/>\nN\u2019est pas juste pour boire<br \/>\nIl est \u00e0 respirer<br \/>\nDelphine veille sur la porte<br \/>\nAfin qu\u2019elle reste ouverte<br \/>\nAfin que circule l\u2019air<br \/>\nQue se fasse le passage<\/p>\n<p>La mort ne se dit pas ?<br \/>\nC\u2019est tant mieux !<br \/>\nDelphine s\u2019empare des mots<br \/>\nElle conte<br \/>\nElle conte la vie<br \/>\nLa vie qui par sa voix<br \/>\nAura le dernier mot !<\/p>\n<p>Et Wajdi \u00e0 son tour<br \/>\nNous conte des histoires<br \/>\nRapproche la po\u00e9sie<br \/>\nDu soin et de la fin<\/p>\n<p>Instant<br \/>\nInstant ultime<br \/>\nLe cercle se referme<br \/>\nIl croit \u00e0 la jonction<\/p>\n<p>M\u00eame si cette ronde<br \/>\nDoit \u00e0 nouveau s\u2019ouvrir<br \/>\nPour se l\u00e2cher la main<br \/>\nEt recr\u00e9er le monde<br \/>\nPour rester en sant\u00e9 !<\/p>\n<p>Nous assistons joyeux<br \/>\n\u00c0 cette danse sublime<br \/>\nMerci tisserands habiles<br \/>\nBergers des souvenirs<br \/>\nOh ! Nous le savons bien<br \/>\nAfin que la graine vive<br \/>\nElle doit d\u2019abord mourir<\/p>\n<p>Recueillez bien nos graines<br \/>\nPortez loin nos semences !<br \/>\nJe m\u2019appelle Marie-France<br \/>\nSi ma mort est prochaine<br \/>\nVous m\u2019offrez l\u2019esp\u00e9rance<br \/>\nQue ma vie soit prosp\u00e8re<br \/>\nEt qu\u2019au del\u00e0 du soin<br \/>\nR\u00e9ponse \u00e0 mes besoins<br \/>\nMon d\u00e9sir s\u2019envolera<br \/>\nEt qu\u2019il sera rencontre\u2026<\/p>\n<p>Allez la mort, tais-toi !<br \/>\nNous voici tous conteurs<br \/>\nEt sommes plus forts que toi<br \/>\nAvons la force des fleurs<br \/>\nQui se redressent<br \/>\nEt poussent la pesanteur<br \/>\nComme pour montrer du doigt<br \/>\nLa voie du ciel ouvert<br \/>\nPour l\u2019\u00e2me qui s\u2019\u00e9l\u00e8ve<br \/>\nEt grimpe tout l\u00e0-haut<br \/>\nSur vos mots escabeaux.<\/p>\n<p>Marie-France Baroth<br \/>\nPour<br \/>\nVal\u00e9ria Milewski<br \/>\nDelphine Horvilleur<br \/>\nWajdi Mouawad<br \/>\nLe 20\/04\/2023<br \/>\nAu Minist\u00e8re de la Sant\u00e9<\/p>\n<\/div>\n<\/div>\n<div class=\"masquer\">************************ BAS DE PAGE **************************<\/div>\n<div class=\"ACC_INTER_BLOC\" style=\"float:none;\"><\/div>\n<div id=\"CADRE_LOGO\" style=\"top:0; position:relative;\">\n<div id=\"CADRE_LOGO_MARQUE\"><\/div>\n<div id=\"CADRE_LOGO_BANDE\"><\/div>\n<div>\n<div id=\"CADRE_LOGO_IMAGE\"><\/div>\n<div id=\"CADRE_LOGO_FOND\"><\/div>\n<div id=\"CADRE_LOGO_LOGO\"><\/div>\n<div id=\"CADRE_LOGO_SLOGAN\">LA FABRIQUE DU LIEN<\/div>\n<\/div>\n<div id=\"CADRE_LOGO_TITRE\">L&rsquo;\u00e9cole fran\u00e7aise de Kas\u00e0l\u00e0 contemporain<\/div>\n<div class=\"masquer\">******************* MENU DE BAS DE PAGE &#8211; A COPIER **************************<\/div>\n<div class=\"CADRE_LOGO_MENTIONS\">\n<li class=\"CADRE_LOGO_MENU\"><a style=\"color:rgb(181,139,84);\" href=\"https:\/\/kasalab.fr\/index.php\/mentions-legales\/\">Mentions l\u00e9gales<\/a><\/li>\n<li class=\"CADRE_LOGO_MENU\"><a href=\"https:\/\/kasalab.fr\/index.php\/nos_partenaires\/\" style=\"color:rgb(181,139,84);\">Nos partenaires<\/a><\/li>\n<li class=\"CADRE_LOGO_MENU\"><a style=\"color:rgb(181,139,84);\" href=\"mailto:kasalab75@gmail.com?subject=Demande de renseignement\">Nous contacter<\/a><\/li>\n<li class=\"CADRE_LOGO_MENU\"><a style=\"color:rgb(181,139,84);\" href=\"https:\/\/kasalab.fr\/index.php\/newsletter\/\">Recevoir la Newsletter<\/a><\/li>\n<\/div>\n<div id=\"CADRE_LOGO_LINKEDIN\"><a style=\"color:whitesmoke;\" href=\"https:\/\/www.linkedin.com\/in\/marie-france-baroth-6998a461\/\">ln<\/a><\/div>\n<div id=\"CADRE_LOGO_INSTA\"><a style=\"color:whitesmoke;\" href=\"https:\/\/www.instagram.com\/kasala.france\">Insta<\/a><\/div>\n<div class=\"masquer\">*************** MENU DE BAS DE PAGE &#8211; FIN DE BLOC A COPIER ******************<\/div>\n<\/div>\n<\/div>\n","protected":false},"excerpt":{"rendered":"<p>************************ ENTETE *********************************** ******************* MENU A COPIER ************************** A propos Prochaines formations Nos publications Kas\u00e0l\u00e0s \u00e0 d\u00e9couvrir FAQ Kas\u00e0l\u00e0b Documentaire \u00ab\u00a0kasaleo, la r\u00e9v\u00e9lation\u00a0\u00bb Nos kas\u00e0leuses ont du talent Calendrier Quelles formations choisir ? Eskales narratives \u00c9crire et c\u00e9l\u00e9brer Newsletters Ressources Blog Podcast Livres sonores Kas\u00e0l\u00e0 \u00e0 mes lign\u00e9es Kas\u00e0l\u00e0 de l\u2019air Kas\u00e0l\u00e0 du serpent Le &hellip; <\/p>\n<p class=\"link-more\"><a href=\"https:\/\/kasalab.fr\/index.php\/kasala_05\/\" class=\"more-link\">Continuer la lecture<span class=\"screen-reader-text\"> de &laquo;&nbsp;Kasala_05&nbsp;&raquo;<\/span><\/a><\/p>\n","protected":false},"author":1,"featured_media":0,"parent":0,"menu_order":0,"comment_status":"closed","ping_status":"closed","template":"","meta":{"footnotes":""},"simple-restrict-permission":[],"class_list":["post-62","page","type-page","status-publish","hentry"],"jetpack_sharing_enabled":true,"_links":{"self":[{"href":"https:\/\/kasalab.fr\/index.php\/wp-json\/wp\/v2\/pages\/62","targetHints":{"allow":["GET"]}}],"collection":[{"href":"https:\/\/kasalab.fr\/index.php\/wp-json\/wp\/v2\/pages"}],"about":[{"href":"https:\/\/kasalab.fr\/index.php\/wp-json\/wp\/v2\/types\/page"}],"author":[{"embeddable":true,"href":"https:\/\/kasalab.fr\/index.php\/wp-json\/wp\/v2\/users\/1"}],"replies":[{"embeddable":true,"href":"https:\/\/kasalab.fr\/index.php\/wp-json\/wp\/v2\/comments?post=62"}],"version-history":[{"count":9,"href":"https:\/\/kasalab.fr\/index.php\/wp-json\/wp\/v2\/pages\/62\/revisions"}],"predecessor-version":[{"id":590,"href":"https:\/\/kasalab.fr\/index.php\/wp-json\/wp\/v2\/pages\/62\/revisions\/590"}],"wp:attachment":[{"href":"https:\/\/kasalab.fr\/index.php\/wp-json\/wp\/v2\/media?parent=62"}],"wp:term":[{"taxonomy":"simple-restrict-permission","embeddable":true,"href":"https:\/\/kasalab.fr\/index.php\/wp-json\/wp\/v2\/simple-restrict-permission?post=62"}],"curies":[{"name":"wp","href":"https:\/\/api.w.org\/{rel}","templated":true}]}}