{"id":66,"date":"2024-12-29T17:08:17","date_gmt":"2024-12-29T16:08:17","guid":{"rendered":"http:\/\/kasalai.cluster027.hosting.ovh.net\/?page_id=66"},"modified":"2026-03-08T20:57:32","modified_gmt":"2026-03-08T19:57:32","slug":"newsletters","status":"publish","type":"page","link":"https:\/\/kasalab.fr\/index.php\/newsletters\/","title":{"rendered":"Newsletters"},"content":{"rendered":"<div class=\"Ka_Fond_Article\">\n<div class=\"masquer\">************************ ENTETE ***********************************<\/div>\n<div class=\"ACC_INTER_BLOC\"><\/div>\n<p><a href=\"https:\/\/www.kasalab.fr\"><\/p>\n<div id=\"Ka_Entete\"><\/div>\n<p><\/a><\/p>\n<div class=\"ACC_INTER_BLOC\"><\/div>\n<div class=\"masquer\">******************* MENU A COPIER **************************<\/div>\n<div id=\"CADRE_LOGO_MENU\" style=\"height:auto;\">\n<li class=\"CADRE_LOGO_LISTE\" id=\"CLL_1\" onclick=\"Ouvre_Menu(1)\">A propos<\/li>\n<li class=\"CADRE_LOGO_LISTE\" id=\"CLL_2\" onclick=\"Ouvre_Menu(2)\">Prochaines formations<\/li>\n<li class=\"CADRE_LOGO_LISTE\" id=\"CLL_3\" onclick=\"Ouvre_Menu(3)\">Nos publications<\/li>\n<li class=\"CADRE_LOGO_LISTE\" id=\"CLL_4\" onclick=\"Ouvre_Menu(4)\">Kas\u00e0l\u00e0s \u00e0 d\u00e9couvrir<\/li>\n<li class=\"CADRE_LOGO_LISTE\" id=\"CLL_5\"><a href=\"https:\/\/kasalab.fr\/index.php\/questions\/\">FAQ<\/a><\/li>\n<\/div>\n<div id=\"CADRE_LOGO_SOUS_MENU_1\" class=\"SOUS_MENU\" >\n<li class=\"CADRE_LOGO_SML_1\"><a href=\"https:\/\/kasalab.fr\/index.php\/a_propos_kasalab\">Kas\u00e0l\u00e0b<\/a><\/li>\n<li class=\"CADRE_LOGO_SML_1\"><a href=\"https:\/\/kasalab.fr\/index.php\/a_propos_kasaleo\">Documentaire \u00ab\u00a0kasaleo, la r\u00e9v\u00e9lation\u00a0\u00bb<\/a><\/li>\n<li class=\"CADRE_LOGO_SML_1\"><a href=\"https:\/\/kasalab.fr\/index.php\/formatrices\">Nos kas\u00e0leuses ont du talent<\/a><\/li>\n<\/div>\n<div id=\"CADRE_LOGO_SOUS_MENU_2\" class=\"SOUS_MENU\" >\n<li class=\"CADRE_LOGO_SML_2\"><a href=\"https:\/\/kasalab.fr\/index.php\/calendrier\">Calendrier<\/a><\/li>\n<li class=\"CADRE_LOGO_SML_2\"><a href=\"https:\/\/kasalab.fr\/wp-content\/uploads\/Formations-Kasalab-3-volets.pdf\">Quelles formations choisir ?<\/a><\/li>\n<li class=\"CADRE_LOGO_SML_2\"><a href=\"http:\/\/kasalab.fr\/wp-content\/uploads\/V2-Eskale-Narrative-Corse.pdf\">Eskales narratives<\/a><\/li>\n<li class=\"CADRE_LOGO_SML_2\"><a href=\"http:\/\/kasalab.fr\/wp-content\/uploads\/Ecrire_Celebrer.pdf\">\u00c9crire et c\u00e9l\u00e9brer<\/a><\/li>\n<\/div>\n<div id=\"CADRE_LOGO_SOUS_MENU_3\" class=\"SOUS_MENU\" >\n<li class=\"CADRE_LOGO_SML_3\"><a href=\"https:\/\/kasalab.fr\/index.php\/newsletters\">Newsletters<\/a><\/li>\n<li class=\"CADRE_LOGO_SML_3\"><a href=\"https:\/\/kasalab.fr\/index.php\/ressources\/\">Ressources<\/a><\/li>\n<li class=\"CADRE_LOGO_SML_3\">Blog<\/li>\n<li class=\"CADRE_LOGO_SML_3\">Podcast<\/li>\n<li class=\"CADRE_LOGO_SML_3\">Livres sonores<\/li>\n<\/div>\n<div id=\"CADRE_LOGO_SOUS_MENU_4\" class=\"SOUS_MENU\" >\n<li class=\"CADRE_LOGO_SML_4\"><a href=\"https:\/\/kasalab.fr\/index.php\/Kasala_01\">Kas\u00e0l\u00e0 \u00e0 mes lign\u00e9es<\/a><\/li>\n<li class=\"CADRE_LOGO_SML_4\"><a href=\"https:\/\/kasalab.fr\/index.php\/Kasala_02\">Kas\u00e0l\u00e0 de l\u2019air<\/a><\/li>\n<li class=\"CADRE_LOGO_SML_4\"><a href=\"https:\/\/kasalab.fr\/index.php\/Kasala_03\">Kas\u00e0l\u00e0 du serpent<\/a><\/li>\n<li class=\"CADRE_LOGO_SML_4\"><a href=\"https:\/\/kasalab.fr\/index.php\/Kasala_04\">Le poing e<\/a><\/li>\n<li \nclass=\"CADRE_LOGO_SML_4\"><a href=\"https:\/\/kasalab.fr\/index.php\/Kasala_05\">Kas\u00e0l\u00e0 mosa\u00efque<\/a><\/li>\n<li \nclass=\"CADRE_LOGO_SML_4\"><a href=\"https:\/\/kasalab.fr\/wp-content\/uploads\/KA-Enterrement-RDC.mp4\">Kas\u00e0l\u00e0 de deuil au Congo<\/a><\/li>\n<\/div>\n<div id=\"CADRE_LOGO_SOUS_MENU_5\" class=\"SOUS_MENU\" >\n<li class=\"CADRE_LOGO_SML_5\"><a href=\"https:\/\/kasalab.fr\/index.php\/questions\/\">Questions<\/a><\/li>\n<\/div>\n<div class=\"masquer\">******************* FIN DE MENU A COPIER **************************<\/div>\n<div class=\"ACC_INTER_BLOC\"><\/div>\n<div class=\"masquer\">************************ NEWSLETTERS **************************<\/div>\n<div id=\"Ka_Newletters\">\n<div id=\"Ka_Newsletters_Titre\" class=\"Ka_Titre\">Les Newsletters de Kas\u00e0lab<\/div>\n<p><a href=\"https:\/\/e9i42.r.sp1-brevo.net\/mk\/mr\/sh\/6rqJ8GoudeITPxQLXVL9tXMltt2\/fdonVpxP_1mt\"><\/p>\n<div class=\"Ka_Newsletters_bloc\">\n<div id=\"Ka_Newsletters_22\" class=\"Ka_Newsletters_Image\"><\/div>\n<div class=\"Ka_Newsletters_Description\">\n<div class=\"Ka_Newsletters_Date Ka_Dore\">Mars 2026<\/div>\n<div class=\"Ka_Newsletters_Slogan Ka_Dore\">Offensive du printemps<\/div>\n<div class=\"Ka_newsletters_Teaser\"> Le kas\u00e0l\u00e0 comme la nature chante la vie en tout : secrets de po\u00e9sie, kas\u00e0l\u00e0 de mariage et kas\u00e0l\u00e0 mosa\u00efque<\/div>\n<\/div>\n<\/div>\n<p><\/a><\/p>\n<p><a href=\"https:\/\/e9i42.r.sp1-brevo.net\/mk\/mr\/sh\/6rqJ8GoudeITPxQLXVL9tXMltt2\/l4j6JB-WuU2w\"><\/p>\n<div class=\"Ka_Newsletters_bloc\">\n<div id=\"Ka_Newsletters_21\" class=\"Ka_Newsletters_Image\"><\/div>\n<div class=\"Ka_Newsletters_Description\">\n<div class=\"Ka_Newsletters_Date Ka_Dore\">F\u00e9vrier 2026<\/div>\n<div class=\"Ka_Newsletters_Slogan Ka_Dore\">Kas\u00e0l\u00e0, slam : chant ou po\u00e9sie ?<\/div>\n<div class=\"Ka_newsletters_Teaser\"> D\u00e9couvrez ce que le kas\u00e0l\u00e0 et le slam ont en commun\u2026 et la date d\u2019entr\u00e9e en sc\u00e8ne du kas\u00e0l\u00e0-slam ou kaslam ce printemps \u00e0 Paris.<\/div>\n<\/div>\n<\/div>\n<p><\/a><\/p>\n<p><a href=\"https:\/\/e9i42.r.sp1-brevo.net\/mk\/mr\/sh\/6rqJ8GoudeITPxQLXVL9tXMltt2\/Sjo3M7yjpa8A\"><\/p>\n<div class=\"Ka_Newsletters_bloc\">\n<div id=\"Ka_Newsletters_20\" class=\"Ka_Newsletters_Image\"><\/div>\n<div class=\"Ka_Newsletters_Description\">\n<div class=\"Ka_Newsletters_Date Ka_Dore\">Janvier 2026<\/div>\n<div class=\"Ka_Newsletters_Slogan Ka_Dore\"> Je ne vous souhaite pas une bonne ann\u00e9e&#8230; <\/div>\n<div class=\"Ka_newsletters_Teaser\"> &#8230;Je <span style=\"font-weight:bold; color:rgb(181, 160, 71);\">NOUS<\/span> souhaite une bonne ann\u00e9e. \u00c0 celles et ceux qui seraient tent\u00e9s de m&rsquo;accuser de \u00ab\u00a0jouer sur les mots\u00a0\u00bb, je r\u00e9pondrai que la nuance est essentielle, car elle manifeste l&rsquo;esprit de connexion que nous honorons. <\/div>\n<\/div>\n<\/div>\n<p><\/a><\/p>\n<p><a href=\"https:\/\/e9i42.r.sp1-brevo.net\/mk\/mr\/sh\/6rqJ8GoudeITPxQLXVL9tXMltt2\/NF7D40wejQZi\"><\/p>\n<div class=\"Ka_Newsletters_bloc\">\n<div id=\"Ka_Newsletters_19\" class=\"Ka_Newsletters_Image\"><\/div>\n<div class=\"Ka_Newsletters_Description\">\n<div class=\"Ka_Newsletters_Date Ka_Dore\">D\u00e9cembre 2025<\/div>\n<div class=\"Ka_Newsletters_Slogan Ka_Dore\">Se faire des bisous sous le gui et le houx&#8230;<\/div>\n<div class=\"Ka_newsletters_Teaser\">On pourrait tout aussi bien s&#8217;embrasser sous un kas\u00e0l\u00e0. Voire remplacer les bisous par ses mots doux. Pour l&rsquo;amour, le passage vers la lumi\u00e8re, la f\u00eate et la tradition, le kas\u00e0l\u00e0 a tout bon !<br \/>\nAlors d\u00e9couvrez comment c\u00e9l\u00e9brer celles et ceux que vous aimez en po\u00e9sie.<\/div>\n<\/div>\n<\/div>\n<p><\/a><\/p>\n<p><a href=\"https:\/\/e9i42.r.sp1-brevo.net\/mk\/mr\/sh\/6rqJ8GoudeITQ9d67v9csYmNmSe\/0FvJmJ2ms-FG\"><\/p>\n<div class=\"Ka_Newsletters_bloc\">\n<div id=\"Ka_Newsletters_18\" class=\"Ka_Newsletters_Image\"><\/div>\n<div class=\"Ka_Newsletters_Description\">\n<div class=\"Ka_Newsletters_Date Ka_Dore\">Novembre 2025<\/div>\n<div class=\"Ka_Newsletters_Slogan Ka_Dore\">Nouveau programme de formation<\/div>\n<div class=\"Ka_newsletters_Teaser\">D\u00e9couvrez le nouveau programme professionnalisant \u00ab \u00e9crire et c\u00e9l\u00e9brer \u00bb \u00e0 des conditions de lancement particuli\u00e8rement avantageuses. Embarquez, vous \u00eates bienvenus !\n<\/div>\n<\/div>\n<\/div>\n<p><\/a><\/p>\n<p><a href=\"https:\/\/e9i42.r.sp1-brevo.net\/mk\/mr\/sh\/6rqJ8GoudeITPxQLXVL9tXMltt2\/UT5kS3ji8H2d\"><\/p>\n<div class=\"Ka_Newsletters_bloc\">\n<div id=\"Ka_Newsletters_17\" class=\"Ka_Newsletters_Image\"><\/div>\n<div class=\"Ka_Newsletters_Description\">\n<div class=\"Ka_Newsletters_Date Ka_Dore\">Octobre 2025<\/div>\n<div class=\"Ka_Newsletters_Slogan Ka_Dore\">\u00c9crire, c\u00e9l\u00e9brer, relier<\/div>\n<div class=\"Ka_newsletters_Teaser\">Se relier \u00e0 ses anc\u00eatres, se relier au vivant par des c\u00e9l\u00e9brations inspir\u00e9es et \u00e9mouvantes. Retrouve \u00e9galement la repr\u00e9sentation de \u00ab Murmures des anc\u00eatres \u00bb, par Thuy Aur\u00e9lie et Jonathan Nguyen, jou\u00e9e le 27 septembre au Centre des m\u00e9moires montr\u00e9alaises (MEM) de Montr\u00e9al.\n<\/div>\n<\/div>\n<\/div>\n<p><\/a><\/p>\n<p><a href=\"https:\/\/e9i42.r.sp1-brevo.net\/mk\/mr\/sh\/6rqJ8GoudeITPxQLXVL9tXMltt2\/XBWHxHh7DLmO\"><\/p>\n<div class=\"Ka_Newsletters_bloc\">\n<div id=\"Ka_Newsletters_16\" class=\"Ka_Newsletters_Image\"><\/div>\n<div class=\"Ka_Newsletters_Description\">\n<div class=\"Ka_Newsletters_Date Ka_Dore\">Septembre 2025<\/div>\n<div class=\"Ka_Newsletters_Slogan Ka_Dore\">L\u2019\u00e9cosyst\u00e8me des formations Kas\u00e0laction<\/div>\n<div class=\"Ka_newsletters_Teaser\"> Qui con\u00e7oit les programmes des formations au kas\u00e0l\u00e0 contemporain ? Qui les anime ? Qui les certifie ? Pour tout savoir, c\u2019est par ici&#8230;\n<\/div>\n<\/div>\n<\/div>\n<p><\/a><\/p>\n<p><a href=\"https:\/\/e9i42.r.sp1-brevo.net\/mk\/mr\/sh\/6rqJ8GoudeITPxQLXVL9tXMltt2\/Lvi_8C4KhDqx\"><\/p>\n<div class=\"Ka_Newsletters_bloc\">\n<div id=\"Ka_Newsletters_15\" class=\"Ka_Newsletters_Image\"><\/div>\n<div class=\"Ka_Newsletters_Description\">\n<div class=\"Ka_Newsletters_Date Ka_Dore\">Ao\u00fbt 2025<\/div>\n<div class=\"Ka_Newsletters_Slogan Ka_Dore\">Mmm\u2026 c\u2019est l\u2019\u00e9t\u00e9. Je m\u2019initie au kas\u00e0l\u00e0 !<\/div>\n<div class=\"Ka_newsletters_Teaser\"> Une lettre l\u00e9g\u00e8re comme une brise marine, pour semer des souffles de po\u00e9sie d\u00e8s la rentr\u00e9e et \u00e0 l\u2019automne.<br \/>\nRetrouvez toutes les possibilit\u00e9s de vous initier au kas\u00e0l\u00e0, et vos prochains ateliers th\u00e9matiques.<br \/>\nUne jolie fa\u00e7on de prolonger les vacances&#8230;<\/div>\n<\/div>\n<\/div>\n<p><\/a><\/p>\n<p><a href=\"https:\/\/e9i42.r.sp1-brevo.net\/mk\/mr\/sh\/6rqJ8GoudeITPxQLXVL9tXMltt2\/8FlvGNec7RQm\"><\/p>\n<div class=\"Ka_Newsletters_bloc\">\n<div id=\"Ka_Newsletters_14\" class=\"Ka_Newsletters_Image\"><\/div>\n<div class=\"Ka_Newsletters_Description\">\n<div class=\"Ka_Newsletters_Date Ka_Dore\">Juillet 2025<\/div>\n<div class=\"Ka_Newsletters_Slogan Ka_Dore\">Le temps des c\u00e9l\u00e9brations<\/div>\n<div class=\"Ka_newsletters_Teaser\">D\u00e9couvrez des voix adolescentes qui portent nos a\u00een\u00e9s avec coeur et douceur, nos nouvelles animatrices qui ont parcouru le chemin po\u00e9tique menant \u00e0 la certification, les r\u00e9jouissances du kas\u00e0l\u00e0 en pr\u00e9sence \u00e0 Paris avec Jean Kabuta ou sur les chemins buissonniers\u2026 et les annonces des nouveaut\u00e9s auxquelles nous travaillons pour la rentr\u00e9e !<\/div>\n<\/div>\n<\/div>\n<p><\/a><\/p>\n<p><a href=\"https:\/\/e9i42.r.sp1-brevo.net\/mk\/mr\/sh\/6rqJ8GoudeITPxQLXVL9tXMltt2\/9KuGDYvcCmIF\"><\/p>\n<div class=\"Ka_Newsletters_bloc\">\n<div id=\"Ka_Newsletters_13\" class=\"Ka_Newsletters_Image\"><\/div>\n<div class=\"Ka_Newsletters_Description\">\n<div class=\"Ka_Newsletters_Date Ka_Dore\">Juin 2025<\/div>\n<div class=\"Ka_Newsletters_Slogan Ka_Dore\">Le temps est venu\u2026<\/div>\n<div class=\"Ka_newsletters_Teaser\">Retrouvez nos activit\u00e9 de l\u2019\u00e9t\u00e9 : un atelier \u00e0 Paris avec Jean Kabuta pour faire communaut\u00e9 autour du kas\u00e0l\u00e0 et de l\u2019Ubuntu. D\u00e9couvrez nos nouveaux formats d\u2019initiation, assouplis pour entrer en douceur dans votre agenda\u2026<br \/>\nEt en exclusivit\u00e9, les premi\u00e8res formations en ligne du second semestre !<\/div>\n<\/div>\n<\/div>\n<p><\/a><\/p>\n<p><a href=\"https:\/\/e9i42.r.sp1-brevo.net\/mk\/mr\/sh\/6rqJ8GoudeITPxQLXVL9tXMltt2\/2WSBxaAVULgs\"><\/p>\n<div class=\"Ka_Newsletters_bloc\">\n<div id=\"Ka_Newsletters_12\" class=\"Ka_Newsletters_Image\"><\/div>\n<div class=\"Ka_Newsletters_Description\">\n<div class=\"Ka_Newsletters_Date Ka_Dore\">Mai 2025<\/div>\n<div class=\"Ka_Newsletters_Slogan Ka_Dore\">Guerre et Paix<\/div>\n<div class=\"Ka_newsletters_Teaser\">Le kas\u00e0l\u00e0 de la guerre nous a renforc\u00e9s. Mais il est temps d\u2019utiliser nos mots magiques et po\u00e9tiques pour cultiver l\u2019ubuntu et l\u2019art d\u2019\u00eatre humain, avec Jean Kabuta \u00e0 Paris les 24 et 25 juin 2025.<br \/>\nRetrouvez aussi o\u00f9 pratiquer le kas\u00e0l\u00e0 cet \u00e9t\u00e9, et nos premi\u00e8res sessions de la rentr\u00e9e !<\/div>\n<\/div>\n<\/div>\n<p><\/a><\/p>\n<p><a href=\"https:\/\/e9i42.r.sp1-brevo.net\/mk\/mr\/sh\/6rqJ8GoudeITPxQLXVL9tXMltt2\/qJ_MKJhYHBpl\"><\/p>\n<div class=\"Ka_Newsletters_bloc\">\n<div id=\"Ka_Newsletters_11\" class=\"Ka_Newsletters_Image\"><\/div>\n<div class=\"Ka_Newsletters_Description\">\n<div class=\"Ka_Newsletters_Date Ka_Dore\">Avril 2025 (Europe)<\/div>\n<div class=\"Ka_Newsletters_Slogan Ka_Dore\">Jean Kabuta \u00e0 Paris<\/div>\n<div class=\"Ka_newsletters_Teaser\">Kas\u00e0lab aura le plaisir et l\u2019honneur de recevoir Jean Kabuta pour une session extraordinaire en pr\u00e9sentiel \u00e0 Paris, les 24 et 25 juin 2025.<br \/>\nL\u2019ubuntu y sera notre fil rouge, pour \u00e9crire et d\u00e9clamer des kas\u00e0l\u00e0s et cultiver l\u2019art d\u2019\u00eatre humain.<\/div>\n<\/div>\n<\/div>\n<p><\/a><\/p>\n<p><a href=\"https:\/\/e9i42.r.sp1-brevo.net\/mk\/mr\/sh\/6rqJ8GoudeITPxQLXVL9tXMltt2\/L6oE4-XPSVKl\"><\/p>\n<div class=\"Ka_Newsletters_bloc\">\n<div id=\"Ka_Newsletters_10\" class=\"Ka_Newsletters_Image\"><\/div>\n<div class=\"Ka_Newsletters_Description\">\n<div class=\"Ka_Newsletters_Date Ka_Dore\">Avril 2025<\/div>\n<div class=\"Ka_Newsletters_Slogan Ka_Dore\">Tradition et innovation<\/div>\n<div class=\"Ka_newsletters_Teaser\">Le kas\u00e0l\u00e0 est une tradition contemporaine qui nous assure et nous inspire. Une transmission, un pr\u00e9sent. Une parole sans \u00e2ge dont nous nous faisons les \u00e9chos incarn\u00e9s. Pour l\u2019honorer, nous vous proposons des connaissances qui t\u00e9moignent de l\u2019oralit\u00e9 sans \u00e2ge et une p\u00e9dagogie actuelle la mener \u00e0 demain&#8230;<\/div>\n<\/div>\n<\/div>\n<p><\/a><\/p>\n<p><a href=\"https:\/\/e9i42.r.sp1-brevo.net\/mk\/mr\/sh\/6rqJ8GoudeITPxQLXVL9tXMltt2\/4329U5Cm9DbT\"><\/p>\n<div class=\"Ka_Newsletters_bloc\">\n<div id=\"Ka_Newsletters_09\" class=\"Ka_Newsletters_Image\"><\/div>\n<div class=\"Ka_Newsletters_Description\">\n<div class=\"Ka_Newsletters_Date Ka_Dore\"> Une po\u00e9sie militante <\/div>\n<div class=\"Ka_Newsletters_Slogan Ka_Dore\"><\/div>\n<div class=\"Ka_newsletters_Teaser\">S&rsquo;il est une po\u00e9sie qui nous invite \u00e0 r\u00e9sister, \u00e0 nous indigner devant l&rsquo;inacceptable, \u00e0 rester debout quand les valeurs que l&rsquo;on croyait d\u00e9finitivement acquises vacillent, c&rsquo;est bien le kasaleo ou kas\u00e0l\u00e0 contemporain. Nos armes ? La plume et les mots que l&rsquo;on d\u00e9clame avec courage, avec ferveur. Avec la foi que chacune de nos paroles peut changer le monde, sans trahir la vie, sans condamner la beaut\u00e9.<\/div>\n<\/div>\n<\/div>\n<p><\/a><\/p>\n<p><a href=\"https:\/\/e9i42.r.sp1-brevo.net\/mk\/mr\/sh\/6rqJ8GoudeITPxQLXVL9tXMltt2\/Nq7bJWmn319I\"><\/p>\n<div class=\"Ka_Newsletters_bloc\">\n<div id=\"Ka_Newsletters_08\" class=\"Ka_Newsletters_Image\"><\/div>\n<div class=\"Ka_Newsletters_Description\">\n<div class=\"Ka_Newsletters_Date Ka_Dore\">Rencontre avec un griot<\/div>\n<div class=\"Ka_Newsletters_Slogan Ka_Dore\"><\/div>\n<div class=\"Ka_newsletters_Teaser\">Tu br\u00fbles de savoir comment se d\u00e9clame un kas\u00e0l\u00e0 sur la terre d&rsquo;Afrique ?<br \/>\nC&rsquo;est ce que nous te proposons de d\u00e9couvrir en live le 15 mars prochain.<br \/>\nJean-Claude Nsanza Mutombo nous rejoindra depuis la R\u00e9publique D\u00e9mocratique du Congo, pour partager sa grande exp\u00e9rience du kas\u00e0l\u00e0 tel qu&rsquo;il le pratique : un kas\u00e0l\u00e0 traditionnel, authentique, vivant ! Un Exemple en vid\u00e9o.<\/div>\n<\/div>\n<\/div>\n<p><\/a><\/p>\n<p><a href=\"https:\/\/e9i42.r.sp1-brevo.net\/mk\/mr\/sh\/6rqJ8GoudeITPxQLXVL9tXMltt2\/cGRVcUTYOC4C\"><\/p>\n<div class=\"Ka_Newsletters_bloc\">\n<div id=\"Ka_Newsletters_07\" class=\"Ka_Newsletters_Image\"><\/div>\n<div class=\"Ka_Newsletters_Description\">\n<div class=\"Ka_Newsletters_Date Ka_Dore\">1 nouveau site et 4 p\u00e9pites&#8230;<\/div>\n<div class=\"Ka_Newsletters_Slogan Ka_Dore\"><\/div>\n<div class=\"Ka_newsletters_Teaser\">O\u00f9 nous vous pr\u00e9sentons le tout nouveau site de Kas\u00e0lab, l\u2019\u00e9cole fran\u00e7aise de kas\u00e0l\u00e0 contemporain : une fabrique du lien, une po\u00e9sie \u00e0 impact \u00e9motionnel et relationnel positif <\/div>\n<\/div>\n<\/div>\n<p><\/a><\/p>\n<p><a href=\"https:\/\/e9i42.r.sp1-brevo.net\/mk\/mr\/sh\/6rqJ8GoudeITPxQLXVL9tXMltt2\/o1nQQ_B6BXBJ\"><\/p>\n<div class=\"Ka_Newsletters_bloc\">\n<div id=\"Ka_Newsletters_06\" class=\"Ka_Newsletters_Image\"><\/div>\n<div class=\"Ka_Newsletters_Description\">\n<div class=\"Ka_Newsletters_Date Ka_Dore\">F\u00e9vrier 2025<\/div>\n<div class=\"Ka_Newsletters_Slogan Ka_Dore\">Nouveau calendrier, formations in\u00e9dites<\/div>\n<div class=\"Ka_newsletters_Teaser\">Nous avons r\u00e9am\u00e9nag\u00e9 le calendrier de nos formations en ligne du 1er trimestre, pour vous proposer une exp\u00e9rience unique : aller aux sources du kas\u00e0l\u00e0 traditionnel, et vous abreuver de sa puissance.<\/div>\n<\/div>\n<\/div>\n<p><\/a><\/p>\n<p><a href=\"https:\/\/e9i42.r.sp1-brevo.net\/mk\/mr\/sh\/6rqJ8GoudeITPxQLXVL9tXMltt2\/dSoxhU2ZJg1l\"><\/p>\n<div class=\"Ka_Newsletters_bloc\">\n<div id=\"Ka_Newsletters_05\" class=\"Ka_Newsletters_Image\"><\/div>\n<div class=\"Ka_Newsletters_Description\">\n<div class=\"Ka_Newsletters_Date Ka_Dore\">Janvier 2025<\/div>\n<div class=\"Ka_Newsletters_Slogan Ka_Dore\">Pour une merveilleuse ann\u00e9e 2025, po\u00e9tisez la vie&#8230;<\/div>\n<div class=\"Ka_newsletters_Teaser\">Po\u00e9tiser la vie, continuer \u00e0 chercher la beaut\u00e9 qui se cache en toute chose, y compris dans les plus petites : l&rsquo;oisillon qui piaille dans son nid, le perce-neige qui d\u00e9fie la froideur de l&rsquo;hiver, l&rsquo;aube chaque matin renaissante&#8230;.<br \/>\nLe kas\u00e0l\u00e0 contemporain rec\u00e8le un pouvoir contre la morosit\u00e9.<\/div>\n<\/div>\n<\/div>\n<p><\/a><\/p>\n<p><a href=\"https:\/\/e9i42.r.sp1-brevo.net\/mk\/mr\/sh\/6rqJ8GoudeITPxQLXVL9tXMltt2\/YBBtDlQvX2JY\"><\/p>\n<div class=\"Ka_Newsletters_bloc\">\n<div id=\"Ka_Newsletters_04\" class=\"Ka_Newsletters_Image\"><\/div>\n<div class=\"Ka_Newsletters_Description\">\n<div class=\"Ka_Newsletters_Date Ka_Dore\">D\u00e9cembre 2024<\/div>\n<div class=\"Ka_Newsletters_Slogan Ka_Dore\">Un kas\u00e0l\u00e0 pour No\u00ebl<\/div>\n<div class=\"Ka_newsletters_Teaser\">Le kas\u00e0l\u00e0 mosa\u00efque : un cocktail de f\u00eate !<br \/>\nPour Kas\u00e0lab aussi c&rsquo;est l&rsquo;heure du bilan. Du tout premier. Et il est bien color\u00e9.<br \/>\nColor\u00e9 de belles mosa\u00efques, dont chaque pi\u00e8ce a refl\u00e9t\u00e9 l&rsquo;\u00e9clat de mots intimes, de petits bouts d&rsquo;\u00e2mes. Des \u00e9motions et des larmes parfois, mises en musique par la po\u00e9sie.<\/div>\n<\/div>\n<\/div>\n<p><\/a><\/p>\n<p><a href=\"https:\/\/e9i42.r.sp1-brevo.net\/mk\/mr\/sh\/6rqJ8GoudeITPxQLXVL9tXMltt2\/XGt1hftDarPV\"><\/p>\n<div class=\"Ka_Newsletters_bloc\">\n<div id=\"Ka_Newsletters_03\" class=\"Ka_Newsletters_Image\"><\/div>\n<div class=\"Ka_Newsletters_Description\">\n<div class=\"Ka_Newsletters_Date Ka_Dore\">Novembre 2024<\/div>\n<div class=\"Ka_Newsletters_Slogan Ka_Dore\">25 millions de po\u00e8tes<\/div>\n<div class=\"Ka_newsletters_Teaser\">Mois du souvenir<br \/>\nVous \u00eates-vous d\u00e9j\u00e0 demand\u00e9 ce que vous aimeriez inventer comme rituel pour f\u00eater vos morts ? Peut-\u00eatre l&rsquo;avez d\u00e9j\u00e0 fait, dans l&rsquo;intimit\u00e9 de votre chagrin, pour tromper l&rsquo;absence d&rsquo;un \u00eatre cher&#8230; Mais collectivement, &#8230; Que fait-on ?<\/div>\n<\/div>\n<\/div>\n<p><\/a><\/p>\n<p><a href=\"https:\/\/e9i42.r.ag.d.sendibm3.com\/mk\/mr\/sh\/6rqJ8GoudeITPxQLXVL9tXMltt2\/ufCjdzVYiARb\"><\/p>\n<div class=\"Ka_Newsletters_bloc\">\n<div id=\"Ka_Newsletters_02\" class=\"Ka_Newsletters_Image\"><\/div>\n<div class=\"Ka_Newsletters_Description\">\n<div class=\"Ka_Newsletters_Date Ka_Dore\">Octobre 2024<\/div>\n<div class=\"Ka_Newsletters_Slogan Ka_Dore\">L&rsquo;\u00e9pop\u00e9e de Kas\u00e0lab<\/div>\n<div class=\"Ka_newsletters_Teaser\">Il \u00e9tait une fois&#8230;<br \/>\n&#8230; un homme aux dix, aux cents noms. Jean Ngo Semzara Kabuta Ntalaja Matanda Jandhi&#8230;<br \/>\nPourquoi tant de noms quand la plupart d&rsquo;entre nous nous satisfaisons d&rsquo;un pr\u00e9nom et d&rsquo;un patronyme ? Parce que Jean a v\u00e9cu dix, cent vies, mille vies peut-\u00eatre ! <\/div>\n<\/div>\n<\/div>\n<p><\/a><\/p>\n<p><a href=\"https:\/\/e9i42.r.ag.d.sendibm3.com\/mk\/mr\/sh\/6rqJ8GoudeITPxQLXVL9tXMltt2\/Vm1z5oEDQsMS\"><\/p>\n<div class=\"Ka_Newsletters_bloc\">\n<div id=\"Ka_Newsletters_01\" class=\"Ka_Newsletters_Image\"><\/div>\n<div class=\"Ka_Newsletters_Description\">\n<div class=\"Ka_Newsletters_Date Ka_Dore\">Septembre 2024<\/div>\n<div class=\"Ka_Newsletters_Slogan Ka_Dore\">Le kas\u00e0l\u00e0 fait sa rentr\u00e9e<\/div>\n<div class=\"Ka_newsletters_Teaser\">Apr\u00e8s une pause estivale o\u00f9 la communaut\u00e9 du kas\u00e0l\u00e0 s&rsquo;est retrouv\u00e9e \u00e0 Rimouski pour c\u00e9l\u00e9brer les succ\u00e8s de l\u2019ann\u00e9e \u2013 dont le magnifique documentaire Kasaleo, la r\u00e9v\u00e9lation &#8211; il est temps de reprendre le chemin de l\u2019\u00e9cole.<\/div>\n<\/div>\n<\/div>\n<p><\/a><\/p>\n<\/div>\n<div class=\"masquer\">************************ BAS DE PAGE **************************<\/div>\n<div class=\"ACC_INTER_BLOC\" style=\"float:none;\"><\/div>\n<div id=\"CADRE_LOGO\" style=\"top:0; position:relative;\">\n<div id=\"CADRE_LOGO_MARQUE\"><\/div>\n<div id=\"CADRE_LOGO_BANDE\"><\/div>\n<div>\n<div id=\"CADRE_LOGO_IMAGE\"><\/div>\n<div id=\"CADRE_LOGO_FOND\"><\/div>\n<div id=\"CADRE_LOGO_LOGO\"><\/div>\n<div id=\"CADRE_LOGO_SLOGAN\">LA FABRIQUE DU LIEN<\/div>\n<\/div>\n<div id=\"CADRE_LOGO_TITRE\">L&rsquo;\u00e9cole fran\u00e7aise de Kas\u00e0l\u00e0 contemporain<\/div>\n<div class=\"masquer\">******************* MENU DE BAS DE PAGE &#8211; A COPIER **************************<\/div>\n<div class=\"CADRE_LOGO_MENTIONS\">\n<li class=\"CADRE_LOGO_MENU\"><a style=\"color:rgb(181,139,84);\" href=\"https:\/\/kasalab.fr\/index.php\/mentions-legales\/\">Mentions l\u00e9gales<\/a><\/li>\n<li class=\"CADRE_LOGO_MENU\"><a href=\"https:\/\/kasalab.fr\/index.php\/nos_partenaires\/\" style=\"color:rgb(181,139,84);\">Nos partenaires<\/a><\/li>\n<li class=\"CADRE_LOGO_MENU\"><a style=\"color:rgb(181,139,84);\" href=\"mailto:kasalab75@gmail.com?subject=Demande de renseignement\">Nous contacter<\/a><\/li>\n<li class=\"CADRE_LOGO_MENU\"><a style=\"color:rgb(181,139,84);\" href=\"https:\/\/kasalab.fr\/index.php\/newsletter\/\">Recevoir la Newsletter<\/a><\/li>\n<\/div>\n<div id=\"CADRE_LOGO_LINKEDIN\"><a style=\"color:whitesmoke;\" href=\"https:\/\/www.linkedin.com\/in\/marie-france-baroth-6998a461\/\">ln<\/a><\/div>\n<div id=\"CADRE_LOGO_INSTA\"><a style=\"color:whitesmoke;\" href=\"https:\/\/www.instagram.com\/kasala.france\">Insta<\/a><\/div>\n<div class=\"masquer\">*************** MENU DE BAS DE PAGE &#8211; FIN DE BLOC A COPIER ******************<\/div>\n<\/div>\n<\/div>\n","protected":false},"excerpt":{"rendered":"<p>************************ ENTETE *********************************** ******************* MENU A COPIER ************************** A propos Prochaines formations Nos publications Kas\u00e0l\u00e0s \u00e0 d\u00e9couvrir FAQ Kas\u00e0l\u00e0b Documentaire \u00ab\u00a0kasaleo, la r\u00e9v\u00e9lation\u00a0\u00bb Nos kas\u00e0leuses ont du talent Calendrier Quelles formations choisir ? Eskales narratives \u00c9crire et c\u00e9l\u00e9brer Newsletters Ressources Blog Podcast Livres sonores Kas\u00e0l\u00e0 \u00e0 mes lign\u00e9es Kas\u00e0l\u00e0 de l\u2019air Kas\u00e0l\u00e0 du serpent Le &hellip; <\/p>\n<p class=\"link-more\"><a href=\"https:\/\/kasalab.fr\/index.php\/newsletters\/\" class=\"more-link\">Continuer la lecture<span class=\"screen-reader-text\"> de &laquo;&nbsp;Newsletters&nbsp;&raquo;<\/span><\/a><\/p>\n","protected":false},"author":1,"featured_media":0,"parent":0,"menu_order":0,"comment_status":"closed","ping_status":"closed","template":"","meta":{"footnotes":""},"simple-restrict-permission":[],"class_list":["post-66","page","type-page","status-publish","hentry"],"jetpack_sharing_enabled":true,"_links":{"self":[{"href":"https:\/\/kasalab.fr\/index.php\/wp-json\/wp\/v2\/pages\/66","targetHints":{"allow":["GET"]}}],"collection":[{"href":"https:\/\/kasalab.fr\/index.php\/wp-json\/wp\/v2\/pages"}],"about":[{"href":"https:\/\/kasalab.fr\/index.php\/wp-json\/wp\/v2\/types\/page"}],"author":[{"embeddable":true,"href":"https:\/\/kasalab.fr\/index.php\/wp-json\/wp\/v2\/users\/1"}],"replies":[{"embeddable":true,"href":"https:\/\/kasalab.fr\/index.php\/wp-json\/wp\/v2\/comments?post=66"}],"version-history":[{"count":41,"href":"https:\/\/kasalab.fr\/index.php\/wp-json\/wp\/v2\/pages\/66\/revisions"}],"predecessor-version":[{"id":652,"href":"https:\/\/kasalab.fr\/index.php\/wp-json\/wp\/v2\/pages\/66\/revisions\/652"}],"wp:attachment":[{"href":"https:\/\/kasalab.fr\/index.php\/wp-json\/wp\/v2\/media?parent=66"}],"wp:term":[{"taxonomy":"simple-restrict-permission","embeddable":true,"href":"https:\/\/kasalab.fr\/index.php\/wp-json\/wp\/v2\/simple-restrict-permission?post=66"}],"curies":[{"name":"wp","href":"https:\/\/api.w.org\/{rel}","templated":true}]}}