{"id":70,"date":"2024-12-29T17:13:29","date_gmt":"2024-12-29T16:13:29","guid":{"rendered":"http:\/\/kasalai.cluster027.hosting.ovh.net\/?page_id=70"},"modified":"2026-01-17T15:37:44","modified_gmt":"2026-01-17T14:37:44","slug":"questions","status":"publish","type":"page","link":"https:\/\/kasalab.fr\/index.php\/questions\/","title":{"rendered":"Questions"},"content":{"rendered":"<div class=\"Ka_Fond_Article\">\n<div class=\"masquer\">************************ ENTETE ***********************************<\/div>\n<div class=\"ACC_INTER_BLOC\"><\/div>\n<p><a href=\"https:\/\/www.kasalab.fr\"><\/p>\n<div id=\"Ka_Entete\"><\/div>\n<p><\/a><\/p>\n<div class=\"ACC_INTER_BLOC\"><\/div>\n<div class=\"masquer\">******************* MENU A COPIER **************************<\/div>\n<div id=\"CADRE_LOGO_MENU\" style=\"height:auto;\">\n<li class=\"CADRE_LOGO_LISTE\" id=\"CLL_1\" onclick=\"Ouvre_Menu(1)\">A propos<\/li>\n<li class=\"CADRE_LOGO_LISTE\" id=\"CLL_2\" onclick=\"Ouvre_Menu(2)\">Prochaines formations<\/li>\n<li class=\"CADRE_LOGO_LISTE\" id=\"CLL_3\" onclick=\"Ouvre_Menu(3)\">Nos publications<\/li>\n<li class=\"CADRE_LOGO_LISTE\" id=\"CLL_4\" onclick=\"Ouvre_Menu(4)\">Kas\u00e0l\u00e0s \u00e0 d\u00e9couvrir<\/li>\n<li class=\"CADRE_LOGO_LISTE\" id=\"CLL_5\"><a href=\"https:\/\/kasalab.fr\/index.php\/questions\/\">FAQ<\/a><\/li>\n<\/div>\n<div id=\"CADRE_LOGO_SOUS_MENU_1\" class=\"SOUS_MENU\" >\n<li class=\"CADRE_LOGO_SML_1\"><a href=\"https:\/\/kasalab.fr\/index.php\/a_propos_kasalab\">Kas\u00e0l\u00e0b<\/a><\/li>\n<li class=\"CADRE_LOGO_SML_1\"><a href=\"https:\/\/kasalab.fr\/index.php\/a_propos_kasaleo\">Documentaire \u00ab\u00a0kasaleo, la r\u00e9v\u00e9lation\u00a0\u00bb<\/a><\/li>\n<li class=\"CADRE_LOGO_SML_1\"><a href=\"https:\/\/kasalab.fr\/index.php\/formatrices\">Nos kas\u00e0leuses ont du talent<\/a><\/li>\n<\/div>\n<div id=\"CADRE_LOGO_SOUS_MENU_2\" class=\"SOUS_MENU\" >\n<li class=\"CADRE_LOGO_SML_2\"><a href=\"https:\/\/kasalab.fr\/index.php\/calendrier\">Calendrier<\/a><\/li>\n<li class=\"CADRE_LOGO_SML_2\"><a href=\"https:\/\/kasalab.fr\/wp-content\/uploads\/Formations-Kasalab-3-volets.pdf\">Quelles formations choisir ?<\/a><\/li>\n<li class=\"CADRE_LOGO_SML_2\"><a href=\"http:\/\/kasalab.fr\/wp-content\/uploads\/V2-Eskale-Narrative-Corse.pdf\">Eskales narratives<\/a><\/li>\n<li class=\"CADRE_LOGO_SML_2\"><a href=\"http:\/\/kasalab.fr\/wp-content\/uploads\/Ecrire_Celebrer.pdf\">\u00c9crire et c\u00e9l\u00e9brer<\/a><\/li>\n<\/div>\n<div id=\"CADRE_LOGO_SOUS_MENU_3\" class=\"SOUS_MENU\" >\n<li class=\"CADRE_LOGO_SML_3\"><a href=\"https:\/\/kasalab.fr\/index.php\/newsletters\">Newsletters<\/a><\/li>\n<li class=\"CADRE_LOGO_SML_3\"><a href=\"https:\/\/kasalab.fr\/index.php\/ressources\/\">Ressources<\/a><\/li>\n<li class=\"CADRE_LOGO_SML_3\">Blog<\/li>\n<li class=\"CADRE_LOGO_SML_3\">Podcast<\/li>\n<li class=\"CADRE_LOGO_SML_3\">Livres sonores<\/li>\n<\/div>\n<div id=\"CADRE_LOGO_SOUS_MENU_4\" class=\"SOUS_MENU\" >\n<li class=\"CADRE_LOGO_SML_4\"><a href=\"https:\/\/kasalab.fr\/index.php\/Kasala_01\">Kas\u00e0l\u00e0 \u00e0 mes lign\u00e9es<\/a><\/li>\n<li class=\"CADRE_LOGO_SML_4\"><a href=\"https:\/\/kasalab.fr\/index.php\/Kasala_02\">Kas\u00e0l\u00e0 de l\u2019air<\/a><\/li>\n<li class=\"CADRE_LOGO_SML_4\"><a href=\"https:\/\/kasalab.fr\/index.php\/Kasala_03\">Kas\u00e0l\u00e0 du serpent<\/a><\/li>\n<li class=\"CADRE_LOGO_SML_4\"><a href=\"https:\/\/kasalab.fr\/index.php\/Kasala_04\">Le poing e<\/a><\/li>\n<li \nclass=\"CADRE_LOGO_SML_4\"><a href=\"https:\/\/kasalab.fr\/index.php\/Kasala_05\">Kas\u00e0l\u00e0 mosa\u00efque<\/a><\/li>\n<li \nclass=\"CADRE_LOGO_SML_4\"><a href=\"https:\/\/kasalab.fr\/wp-content\/uploads\/KA-Enterrement-RDC.mp4\">Kas\u00e0l\u00e0 de deuil au Congo<\/a><\/li>\n<\/div>\n<div id=\"CADRE_LOGO_SOUS_MENU_5\" class=\"SOUS_MENU\" >\n<li class=\"CADRE_LOGO_SML_5\"><a href=\"https:\/\/kasalab.fr\/index.php\/questions\/\">Questions<\/a><\/li>\n<\/div>\n<div class=\"masquer\">******************* FIN DE MENU A COPIER **************************<\/div>\n<div class=\"ACC_INTER_BLOC\"><\/div>\n<div class=\"masquer\">************************** FAQ **************************<\/div>\n<div id=\"Ka_FAQ\">\n<div id=\"Ka_FAQ_Titre\" class=\"Ka_Titre\">Les questions les plus fr\u00e9quentes<\/div>\n<div class=\"Ka_FAQ_Parag Ka_Gauche\">\n<li class=\"Ka_FAQ_Puce\">><\/li>\n<li class=\"Ka_FAQ_Question\" onclick=\"Fct_Ka_FAQ_Open('A')\" >\u00c0 partir de quel \u00e2ge peut-on pratiquer le kas\u00e0l\u00e0\u00a0?<\/li>\n<div id=\"FAQ_A\" class=\"Ka_FAQ_Reponse\" onclick=\"Fct_Ka_FAQ_Open('A')\">D\u00e8s que l\u2019on est en \u00e2ge de c\u00e9l\u00e9brer avec des mots. Il n\u2019est pas n\u00e9cessaire de savoir \u00e9crire. Nous sommes dans le domaine de l&rsquo;oralit\u00e9. Et il est tout \u00e0 fait possible de c\u00e9l\u00e9brer en dansant, en mimant\u2026<\/div>\n<li class=\"Ka_FAQ_Puce\">><\/li>\n<li class=\"Ka_FAQ_Question\" onclick=\"Fct_Ka_FAQ_Open('B')\" >\u00c0 qui s\u2019adresse le kas\u00e0l\u00e0 contemporain\u00a0?<\/li>\n<div id=\"FAQ_B\" class=\"Ka_FAQ_Reponse\" onclick=\"Fct_Ka_FAQ_Open('B')\">A tout le monde. Il n\u2019y a pas plus inclusif. Il suffit d\u2019avoir l\u2019intention de faire plaisir, de remercier, de c\u00e9l\u00e9brer. Et donner le meilleur de soi pour le faire : en d\u00e9clamant, en chantant, en mimant, en dansant. Nous sommes toutes et tous po\u00e8tes \u00e0 notre fa\u00e7on. Et cette singularit\u00e9 partag\u00e9e fait partie de la r\u00e9jouissance.<\/div>\n<li class=\"Ka_FAQ_Puce\">><\/li>\n<li class=\"Ka_FAQ_Question\" onclick=\"Fct_Ka_FAQ_Open('C')\">Faut-il \u00eatre dou\u00e9 pour l\u2019\u00e9criture\u00a0?<\/li>\n<div id=\"FAQ_C\" class=\"Ka_FAQ_Reponse\" onclick=\"Fct_Ka_FAQ_Open('C')\">C\u2019est un bel atout, mais certainement pas une obligation, puisque le kas\u00e0l\u00e0 peut prendre des formes vari\u00e9es. Il peut se chanter, se danser, se mimer. C\u2019est une offrande port\u00e9e par une intention de c\u00e9l\u00e9brer, et par la singularit\u00e9 de la personne qui l\u2019offre. Il n\u2019y a pas de limite \u00e0 la cr\u00e9ativit\u00e9.<\/div>\n<li class=\"Ka_FAQ_Puce\">><\/li>\n<li class=\"Ka_FAQ_Question\" onclick=\"Fct_Ka_FAQ_Open('D')\">Faut-il savoir chanter\u00a0?<\/li>\n<div id=\"FAQ_D\" class=\"Ka_FAQ_Reponse\">Non. Nous parlons de \u00ab\u00a0chant\u00a0\u00bb en r\u00e9f\u00e9rence aux origines traditionnelles du kas\u00e0l\u00e0 qui s\u2019accompagne le plus souvent d\u2019instruments (djemb\u00e9s\u2026). Le kas\u00e0l\u00e0 contemporain en a gard\u00e9 le rythme, car c\u2019est une parole incarn\u00e9e, qui entra\u00eene l\u2019autre dans la danse des mots. La d\u00e9clamation invite \u00e0 une certaine musicalit\u00e9 du fait de ce rythme. Mais chacun donne le sien.<\/div>\n<li class=\"Ka_FAQ_Puce\">><\/li>\n<li class=\"Ka_FAQ_Question\" onclick=\"Fct_Ka_FAQ_Open('E')\">\u00c0 quoi sert la certification\u00a0?<\/li>\n<div id=\"FAQ_E\" class=\"Ka_FAQ_Reponse\">\u00c0 garantir que les standards du kas\u00e0l\u00e0 sont respect\u00e9s. Ces standards consistent en une parole de c\u00e9l\u00e9bration. C\u00e9l\u00e9bration qui s\u2019exprime par des \u00ab\u00a0noms de force\u00a0\u00bb et des figures de style supports de l\u2019amplification. Une parole qui relie \u00e0 sa lign\u00e9e, \u00e0 son territoire, aux \u00eatres qui nous renforcent. Une parole produisant de la joie, de l\u2019\u00e9merveillement, et la conscience d\u2019appartenir au r\u00e8gne du vivant, d\u2019y avoir sa place\u2026 et sa responsabilit\u00e9.<\/div>\n<li class=\"Ka_FAQ_Puce\">><\/li>\n<li class=\"Ka_FAQ_Question\" onclick=\"Fct_Ka_FAQ_Open('F')\">Les ateliers propos\u00e9s par Kas\u00e0lab sont-ils adapt\u00e9s \u00e0 un usage r\u00e9cr\u00e9atif\u00a0?<\/li>\n<div id=\"FAQ_F\" class=\"Ka_FAQ_Reponse\">Oui. Le niveau \u00ab\u00a0s\u2019initier au kas\u00e0l\u00e0 contemporain\u00a0\u00bb est d\u00e9di\u00e9 \u00e0 la pratique et \u00e0 l\u2019animation d\u2019ateliers dans un contexte r\u00e9cr\u00e9atif. Une fois initi\u00e9.e, vous pouvez \u00e9galement venir chercher l\u2019inspiration dans les modules du niveau \u00ab\u00a0animer un atelier de kas\u00e0l\u00e0 contemporain\u00a0\u00bb en y choisissant les th\u00e8mes qui vous plaisent, sans viser la certification.<\/div>\n<li class=\"Ka_FAQ_Puce\">><\/li>\n<li class=\"Ka_FAQ_Question\" onclick=\"Fct_Ka_FAQ_Open('G')\">Y a-t-il un pr\u00e9requis pour s\u2019initier au kas\u00e0l\u00e0 contemporain\u00a0?<\/li>\n<div id=\"FAQ_G\" class=\"Ka_FAQ_Reponse\">Non, le niveau \u00ab\u00a0s\u2019initier au kas\u00e0l\u00e0 contemporain\u00a0\u00bb en ligne est ouvert sans autre condition que de savoir lire et \u00e9crire. Mais d\u2019autres initiations peuvent avoir lieu en pr\u00e9sentiel pour des publics d\u00e9di\u00e9s tels que des enfants ne sachant pas encore lire ni \u00e9crire, ou des personnes dont le fran\u00e7ais ne serait pas parfaitement ma\u00eetris\u00e9 (dans le cas d\u2019une langue maternelle \u00e9trang\u00e8re par exemple). Pour toute situation particuli\u00e8re, n\u2019h\u00e9sitez pas \u00e0 nous contacter via l\u2019adresse kasalab75@gmail.com. Nous envisagerons ensemble la meilleure possibilit\u00e9.<\/div>\n<li class=\"Ka_FAQ_Puce\">><\/li>\n<li class=\"Ka_FAQ_Question\" onclick=\"Fct_Ka_FAQ_Open('H')\">Je ne travaille pas dans les m\u00e9tiers de l\u2019accompagnement. \u00c0 quoi peut me servir le kas\u00e0l\u00e0\u00a0?<\/li>\n<div id=\"FAQ_H\" class=\"Ka_FAQ_Reponse\">\u00c0 c\u00e9l\u00e9brer votre entourage : votre famille, vos amis. \u00c9crire des kas\u00e0l\u00e0s pour une personne de sa famille est souvent l\u2019occasion de collecter des informations pr\u00e9cieuses pour la famille enti\u00e8re. C\u2019est un cadeau tr\u00e8s appr\u00e9ci\u00e9.<\/p>\n<p>Vous pouvez aussi \u00e9prouver du plaisir en travaillant votre style, en d\u00e9couvrant votre capacit\u00e9 \u00e0 d\u00e9clamer dans un petit cercle, en prenant de l\u2019assurance, en prenant votre place parmi les v\u00f4tres.<\/p>\n<p>Enfin vous pouvez proposer d\u2019amener le kas\u00e0l\u00e0 dans d\u2019autres cercles comme les maisons de retraite par exemple.<\/p><\/div>\n<li class=\"Ka_FAQ_Puce\">><\/li>\n<li class=\"Ka_FAQ_Question\" onclick=\"Fct_Ka_FAQ_Open('I')\">Des ateliers pr\u00e9sentiels sont-ils propos\u00e9s en province\u00a0?<\/li>\n<div id=\"FAQ_I\" class=\"Ka_FAQ_Reponse\">Il n\u2019y a pas de programmation arr\u00eat\u00e9e. Mais cela est tout \u00e0 fait envisageable d\u00e8s qu\u2019un groupe suffisant est constitu\u00e9. Si vous \u00eates un petit groupe d\u00e9sirant rejoindre la joyeuse communaut\u00e9 des kas\u00e0leuses et kas\u00e0leurs, faites-vous conna\u00eetre en nous \u00e9crivant \u00e0 kasalab75@gmail.com.<\/div>\n<li class=\"Ka_FAQ_Puce\">><\/li>\n<li class=\"Ka_FAQ_Question\" onclick=\"Fct_Ka_FAQ_Open('J')\">Des ateliers pr\u00e9sentiels sont-ils propos\u00e9s en Belgique\u00a0?<\/li>\n<div id=\"FAQ_J\" class=\"Ka_FAQ_Reponse\">Il n\u2019y a pas de programmation arr\u00eat\u00e9e. Mais cela est tout \u00e0 fait envisageable d\u00e8s qu\u2019un groupe suffisant est constitu\u00e9. Si vous \u00eates un petit groupe d\u00e9sirant rejoindre la joyeuse communaut\u00e9 des kas\u00e0leuses et kas\u00e0leurs, faites-vous conna\u00eetre en nous \u00e9crivant \u00e0 kasalab75@gmail.com.<\/div>\n<li class=\"Ka_FAQ_Puce\">><\/li>\n<li class=\"Ka_FAQ_Question\" onclick=\"Fct_Ka_FAQ_Open('K')\">Nous sommes un petit groupe et aimerions organiser un atelier<\/li>\n<div id=\"FAQ_K\" class=\"Ka_FAQ_Reponse\">Faites-vous conna\u00eetre en nous \u00e9crivant \u00e0 kasalab75@gmail.com. Exposez-nous vos attentes et nous envisagerons ensemble notre meilleure proposition.<\/div>\n<li class=\"Ka_FAQ_Puce\">><\/li>\n<li class=\"Ka_FAQ_Question\" onclick=\"Fct_Ka_FAQ_Open('L')\">Comment \u00eatre au courant des prochaines dates d\u2019ateliers\u00a0?<\/li>\n<div id=\"FAQ_L\" class=\"Ka_FAQ_Reponse\">En vous abonnant \u00e0 la lettre mensuelle d\u2019information de Kas\u00e0lab : <a href=\"https:\/\/lheurbleu.fr\/index.php\/newsletter\/\" style=\"color:black; font-weight:bold;\">cliquez ici<\/a><\/div>\n<li class=\"Ka_FAQ_Puce\">><\/li>\n<li class=\"Ka_FAQ_Question\" onclick=\"Fct_Ka_FAQ_Open('M')\">Comment s\u2019inscrire \u00e0 un atelier de kas\u00e0lab\u00a0?<\/li>\n<div id=\"FAQ_M\" class=\"Ka_FAQ_Reponse\">Via la plateforme HelloAsso. Elle permet le r\u00e8glement par carte bancaire, en euros et en devises.<\/div>\n<li class=\"Ka_FAQ_Puce\">><\/li>\n<li class=\"Ka_FAQ_Question\" onclick=\"Fct_Ka_FAQ_Open('N')\">Y a-t-il des formations adapt\u00e9es aux entreprises\u00a0?<\/li>\n<div id=\"FAQ_N\" class=\"Ka_FAQ_Reponse\">Une offre est en cours de d\u00e9veloppement. Mais vous pouvez d\u00e8s lors nous contacter \u00e0 kasalab75@gmail.com et nous faire part de votre besoin. Nous envisagerons ensemble notre meilleure proposition. <\/div>\n<li class=\"Ka_FAQ_Puce\">><\/li>\n<li class=\"Ka_FAQ_Question\" onclick=\"Fct_Ka_FAQ_Open('P')\">Que peut apporter le kas\u00e0l\u00e0 en entreprise\u00a0?<\/li>\n<div id=\"FAQ_P\" class=\"Ka_FAQ_Reponse\">Le kas\u00e0l\u00e0 contemporain est inclusif. Ouvert \u00e0 toutes et tous et tr\u00e8s rapidement accessible, il permet de :<\/p>\n<ul class=\"Ka_UL_FAQ\" >\n<li class=\"Ka_Liste_FAQ\">cr\u00e9er des liens authentiques entre les personnes ;<\/li>\n<li class=\"Ka_Liste_FAQ\">inclure facilement un ou plusieurs nouveaux collaborateurs dans une \u00e9quipe ;<\/li>\n<li class=\"Ka_Liste_FAQ\">f\u00e9d\u00e9rer une \u00e9quipe autour d\u2019un nouveau projet en identifiant les forces dont chaque membre est porteur ;<\/li>\n<li class=\"Ka_Liste_FAQ\">c\u00e9l\u00e9brer les r\u00e9ussites ;<\/li>\n<li class=\"Ka_Liste_FAQ\">c\u00e9l\u00e9brer tous les \u00e9v\u00e9nements, personnels et professionnels, en maintenant le collectif et la convivialit\u00e9 ;<\/li>\n<li class=\"Ka_Liste_FAQ\">d\u00e9finir avec po\u00e9sie la mission d\u2019une entit\u00e9, d\u2019une entreprise, en suscitant l\u2019engagement maximum ;<\/li>\n<li class=\"Ka_Liste_FAQ\">ouvrir un espace d\u2019expression constructive et positive ;<\/li>\n<li class=\"Ka_Liste_FAQ\">renforcer la confiance en soi et l\u2019estime de soi parmi les autres ;<\/li>\n<li class=\"Ka_Liste_FAQ\">d\u00e9velopper la cr\u00e9ativit\u00e9.<\/li>\n<\/ul>\n<\/div>\n<li class=\"Ka_FAQ_Puce\">><\/li>\n<li class=\"Ka_FAQ_Question\" onclick=\"Fct_Ka_FAQ_Open('Q')\">Le kas\u00e0l\u00e0 a-t-il des vertus th\u00e9rapeutiques\u00a0?<\/li>\n<div id=\"FAQ_Q\" class=\"Ka_FAQ_Reponse\">Oui, ind\u00e9niablement. Bien que le kas\u00e0l\u00e0 soit un art et non une th\u00e9rapie, sa pratique produit des effets sur l\u2019estime de soi, sur la confiance en soi. Elle permet de prendre sa place, tout en accueillant l\u2019autre sans crainte, en consid\u00e9rant ce que chacune et chacun apporte \u00e0 l\u2019ensemble.<\/div>\n<li class=\"Ka_FAQ_Puce\">><\/li>\n<li class=\"Ka_FAQ_Question\" onclick=\"Fct_Ka_FAQ_Open('R')\">Les formations de Kas\u00e0lab sont-elles finan\u00e7ables au titre du CPF\u00a0?<\/li>\n<div id=\"FAQ_R\" class=\"Ka_FAQ_Reponse\">Non<\/div>\n<li class=\"Ka_FAQ_Puce\">><\/li>\n<li class=\"Ka_FAQ_Question\" onclick=\"Fct_Ka_FAQ_Open('S')\">Les formations de Kas\u00e0lab sont-elles certifi\u00e9es Qualiopi\u00a0?<\/li>\n<div id=\"FAQ_S\" class=\"Ka_FAQ_Reponse\">Non<\/div>\n<li class=\"Ka_FAQ_Puce\">><\/li>\n<li class=\"Ka_FAQ_Question\" onclick=\"Fct_Ka_FAQ_Open('T')\">Quel est le lien entre kas\u00e0l\u00e0 contemporain et \u00ab\u00a0pratiques narratives\u00a0\u00bb\u00a0?<\/li>\n<div id=\"FAQ_T\" class=\"Ka_FAQ_Reponse\">Le kas\u00e0l\u00e0 est une approche narrative \u00e0 part enti\u00e8re puisqu\u2019il am\u00e8ne \u00e0 se raconter de fa\u00e7on singuli\u00e8re et po\u00e9tique. Cette singularit\u00e9 permet de se d\u00e9tacher des histoires qui nous enferment et nous blessent. Le kas\u00e0l\u00e0 invite \u00e0 se relier \u00e0 ce que l\u2019on pourrait appeler un \u00ab\u00a0club de vie\u00a0\u00bb. Autrement dit de fa\u00e7on valorisante, en se renfor\u00e7ant. On dit que le kas\u00e0l\u00e0 \u00ab\u00a0appelle \u00e0 l\u2019existence\u00a0\u00bb. Il permet de prendre sa place et de se situer au sein de la communaut\u00e9, de l\u2019humanit\u00e9, du vivant. Sans \u00e9craser l\u2019autre puisque le kas\u00e0l\u00e0 est un v\u00e9hicule de l\u2019Ubuntu : art d\u2019\u00eatre humain, philosophie africaine sur laquelle s\u2019est appuy\u00e9 Nelson Mandela pour oeuvrer \u00e0 la r\u00e9conciliation de l\u2019Afrique du Sud.<\/div>\n<li class=\"Ka_FAQ_Puce\">><\/li>\n<li class=\"Ka_FAQ_Question\" onclick=\"Fct_Ka_FAQ_Open('U')\">Que peut apporter le kas\u00e0l\u00e0 \u00e0 un.e praticien.ne narratif.ve\u00a0?<\/li>\n<div id=\"FAQ_U\" class=\"Ka_FAQ_Reponse\">\u00c9videmment le kas\u00e0l\u00e0 peut constituer une \u00ab\u00a0documentation po\u00e9tique\u00a0\u00bb de choix. Mais son r\u00f4le peut \u00eatre bien plus vaste. Il existe de nombreuses proximit\u00e9s entre la posture Ubuntu et la posture \u00ab\u00a0influente et d\u00e9centr\u00e9e\u00a0\u00bb des pratiques narratives. La f\u00e9condit\u00e9 du rapprochement entre kas\u00e0l\u00e0 et pratiques narratives sera \u00e0 la mesure de la cr\u00e9ativit\u00e9 et de l\u2019audace du praticien. Une cr\u00e9ativit\u00e9 soutenue par un art de la parole traditionnel, poli par des si\u00e8cles de c\u00e9l\u00e9brations.<\/div>\n<li class=\"Ka_FAQ_Puce\">><\/li>\n<li class=\"Ka_FAQ_Question\" onclick=\"Fct_Ka_FAQ_Open('V')\">Le kas\u00e0l\u00e0 contemporain est-il une sorte de documentation po\u00e9tique\u00a0?<\/li>\n<div id=\"FAQ_V\" class=\"Ka_FAQ_Reponse\">Oui, le kas\u00e0l\u00e0 contemporain r\u00e9pond parfaitement \u00e0 l\u2019exercice de la documentation po\u00e9tique. Mais il peut \u00eatre beaucoup plus que cela. Il existe de nombreuses proximit\u00e9s entre la posture Ubuntu et la posture \u00ab\u00a0influente et d\u00e9centr\u00e9e\u00a0\u00bb des pratiques narratives. La f\u00e9condit\u00e9 du rapprochement entre kas\u00e0l\u00e0 et pratiques narratives sera \u00e0 la mesure de la cr\u00e9ativit\u00e9 et de l\u2019audace du praticien. Une cr\u00e9ativit\u00e9 soutenue par un art de la parole traditionnel, poli par des si\u00e8cles de c\u00e9l\u00e9brations, de chants, d\u2019exhortations.<\/div>\n<li class=\"Ka_FAQ_Puce\">><\/li>\n<li class=\"Ka_FAQ_Question\" onclick=\"Fct_Ka_FAQ_Open('W')\">Comment le kas\u00e0l\u00e0 fabrique-t-il du lien\u00a0?<\/li>\n<div id=\"FAQ_W\" class=\"Ka_FAQ_Reponse\">Le Kas\u00e0l\u00e0 contemporain c\u00e9l\u00e8bre notamment le lien. Lien au vivant, lien au pass\u00e9, \u00e0 sa lign\u00e9e, \u00e0 son territoire. Lien aux qualit\u00e9s de celles et ceux qui nous entourent, y compris lorsque la relation n\u2019est pas amicale. Il exige alors d\u2019accorder, le temps du po\u00e8me, un regard attentif \u00e0 ce qui est digne d\u2019\u00eatre c\u00e9l\u00e9br\u00e9 chez l\u2019autre. Changeant le plus souvent la relation qui int\u00e8gre cette nouvelle vision.<\/div>\n<li class=\"Ka_FAQ_Puce\">><\/li>\n<li class=\"Ka_FAQ_Question\" onclick=\"Fct_Ka_FAQ_Open('X')\">Y a-t-il un lien entre kas\u00e0l\u00e0 et psychologie positive\u00a0?<\/li>\n<div id=\"FAQ_X\" class=\"Ka_FAQ_Reponse\">Certainement, dans la qualit\u00e9 du regard et dans l\u2019encouragement \u00e0 la gratitude. Le kas\u00e0l\u00e0 implique cette posture de gratitude, et transforme peu \u00e0 peu notre aptitude \u00e0 regarder le positif. Une transformation de soi qui produit des effets b\u00e9n\u00e9fiques sur la fa\u00e7on dont on se sent \u00ab\u00a0dans le monde\u00a0\u00bb, sur le bien-\u00eatre et le mieux-vivre ensemble.<\/div>\n<li class=\"Ka_FAQ_Puce\">><\/li>\n<li class=\"Ka_FAQ_Question\" onclick=\"Fct_Ka_FAQ_Open('Y')\">Puis-je annuler mon inscription \u00e0 un stage\u00a0?<\/li>\n<div id=\"FAQ_Y\" class=\"Ka_FAQ_Reponse\">Oui. Si l\u2019annulation intervient plus de 7 jours avant le d\u00e9but du stage, les droits d\u2019inscription seront rembours\u00e9s, diminu\u00e9s de frais administratifs d\u2019un montant de 15 euros. Moins de 7 jours avant le d\u00e9but du stage, vous ne serez pas rembours\u00e9 mais vous serez invit\u00e9.e \u00e0 reporter votre inscription sur un autre module.<\/div>\n<li class=\"Ka_FAQ_Puce\">><\/li>\n<li class=\"Ka_FAQ_Question\" onclick=\"Fct_Ka_FAQ_Open('Z')\">Puis-je m\u2019inscrire \u00e0 une formation de Kas\u00e0lab depuis le Qu\u00e9bec\u00a0?<\/li>\n<div id=\"FAQ_Z\" class=\"Ka_FAQ_Reponse\">Oui, via la plateforme HelloAsso qui permet le paiement en ligne par carte bancaire.<\/div>\n<li class=\"Ka_FAQ_Puce\">><\/li>\n<li class=\"Ka_FAQ_Question\" onclick=\"Fct_Ka_FAQ_Open('AA')\">Qu\u2019est-ce qu\u2019une eskale narrative\u00a0?<\/li>\n<div id=\"FAQ_AA\" class=\"Ka_FAQ_Reponse\">C\u2019est un stage pr\u00e9sentiel dans un endroit propice au d\u00e9tachement. Afin de se ressourcer et de renouveler son style d\u2019\u00e9criture et\/ou d\u2019accompagnement. Une approche plus sensorielle gr\u00e2ce \u00e0 des activit\u00e9s qui m\u00ealent le bien-\u00eatre du corps et la pratique narrative et po\u00e9tique.<\/div>\n<li class=\"Ka_FAQ_Puce\">><\/li>\n<li class=\"Ka_FAQ_Question\" onclick=\"Fct_Ka_FAQ_Open('AB')\">Quels sont les pr\u00e9requis pour participer \u00e0 un atelier en ligne\u00a0?<\/li>\n<div id=\"FAQ_AB\" class=\"Ka_FAQ_Reponse\">Savoir lire, \u00e9crire, disposer d\u2019une connexion \u00e0 internet. Et respecter les \u00e9ventuels pr\u00e9requis propres aux diff\u00e9rents niveaux de formation (pr\u00e9cis\u00e9s dans la rubrique \u00ab\u00a0Prochaines formations \/ Quelle formation choisir ?\u00a0\u00bb)<\/div>\n<li class=\"Ka_FAQ_Puce\">><\/li>\n<li class=\"Ka_FAQ_Question\" onclick=\"Fct_Ka_FAQ_Open('AC')\">Je comprends et parle le fran\u00e7ais mais m\u2019exprime mieux par \u00e9crit dans ma langue natale. Puis-je m\u2019inscrire \u00e0 un atelier\u00a0de kas\u00e0l\u00e0 contemporain ?<\/li>\n<div id=\"FAQ_AC\" class=\"Ka_FAQ_Reponse\">Oui. Vous pourrez \u00e9crire votre kas\u00e0l\u00e0 dans votre langue natale, et en proposer une traduction orale au groupe.<\/div>\n<li class=\"Ka_FAQ_Puce\">><\/li>\n<li class=\"Ka_FAQ_Question\" onclick=\"Fct_Ka_FAQ_Open('AD')\">Puis-je offrir un stage de kas\u00e0l\u00e0 ?<\/li>\n<div id=\"FAQ_AD\" class=\"Ka_FAQ_Reponse\">Oui, en respectant les \u00e9ventuels pr\u00e9requis en fonction des niveaux de formation (pr\u00e9cis\u00e9s dans la rubrique \u00ab\u00a0quelle formation choisir\u00a0\u00bb du menu \u00ab\u00a0prochaines formations\u00a0\u00bb.<\/p>\n<p>Apr\u00e8s vous \u00eatre assur\u00e9 de sa disponibilit\u00e9 le jour de la formation, et que la personne dispose de l\u2019\u00e9quipement et de la connexion n\u00e9cessaires, proc\u00e9dez \u00e0 l\u2019inscription et au r\u00e8glement via la plateforme HelloAsso. Puis indiquez-nous par courriel pour qui vous l\u2019avez souscrite en pr\u00e9cisant l\u2019adresse mail de la personne, afin que nous puissions lui envoyer le lien de connexion la veille du stage s\u2019il s\u2019agit d\u2019un stage en ligne.<\/p><\/div>\n<li class=\"Ka_FAQ_Puce\">><\/li>\n<li class=\"Ka_FAQ_Question\" onclick=\"Fct_Ka_FAQ_Open('AE')\">J\u2019ai d\u00e9j\u00e0 pratiqu\u00e9 le kas\u00e0l\u00e0 en dehors du dispositif certifiant propos\u00e9 par Kas\u00e0lab. Comment savoir o\u00f9 j\u2019en suis dans ce nouveau dispositif ?<\/li>\n<div id=\"FAQ_AE\" class=\"Ka_FAQ_Reponse\">Exposez-nous votre situation par courriel \u00e0 l\u2019adresse kasalab75@gmail.com. Si nous avons besoin de plus d\u2019\u00e9l\u00e9ments pour vous r\u00e9pondre, nous pourrons convenir d\u2019un rendez-vous t\u00e9l\u00e9phonique pour faire le point de votre situation.<\/div>\n<\/div>\n<div class=\"masquer\">************************ BAS DE PAGE **************************<\/div>\n<div class=\"ACC_INTER_BLOC\" style=\"float:none;\"><\/div>\n<div id=\"CADRE_LOGO\" style=\"top:0; position:relative;\">\n<div id=\"CADRE_LOGO_MARQUE\"><\/div>\n<div id=\"CADRE_LOGO_BANDE\"><\/div>\n<div>\n<div id=\"CADRE_LOGO_IMAGE\"><\/div>\n<div id=\"CADRE_LOGO_FOND\"><\/div>\n<div id=\"CADRE_LOGO_LOGO\"><\/div>\n<div id=\"CADRE_LOGO_SLOGAN\">LA FABRIQUE DU LIEN<\/div>\n<\/div>\n<div id=\"CADRE_LOGO_TITRE\">L&rsquo;\u00e9cole fran\u00e7aise de Kas\u00e0l\u00e0 contemporain<\/div>\n<div class=\"masquer\">******************* MENU DE BAS DE PAGE &#8211; A COPIER **************************<\/div>\n<div class=\"CADRE_LOGO_MENTIONS\">\n<li class=\"CADRE_LOGO_MENU\"><a style=\"color:rgb(181,139,84);\" href=\"https:\/\/kasalab.fr\/index.php\/mentions-legales\/\">Mentions l\u00e9gales<\/a><\/li>\n<li class=\"CADRE_LOGO_MENU\"><a href=\"https:\/\/kasalab.fr\/index.php\/nos_partenaires\/\" style=\"color:rgb(181,139,84);\">Nos partenaires<\/a><\/li>\n<li class=\"CADRE_LOGO_MENU\"><a style=\"color:rgb(181,139,84);\" href=\"mailto:kasalab75@gmail.com?subject=Demande de renseignement\">Nous contacter<\/a><\/li>\n<li class=\"CADRE_LOGO_MENU\"><a style=\"color:rgb(181,139,84);\" href=\"https:\/\/kasalab.fr\/index.php\/newsletter\/\">Recevoir la Newsletter<\/a><\/li>\n<\/div>\n<div id=\"CADRE_LOGO_LINKEDIN\"><a style=\"color:whitesmoke;\" href=\"https:\/\/www.linkedin.com\/in\/marie-france-baroth-6998a461\/\">ln<\/a><\/div>\n<div id=\"CADRE_LOGO_INSTA\"><a style=\"color:whitesmoke;\" href=\"https:\/\/www.instagram.com\/kasala.france\">Insta<\/a><\/div>\n<div class=\"masquer\">*************** MENU DE BAS DE PAGE &#8211; FIN DE BLOC A COPIER ******************<\/div>\n<\/div>\n<\/div>\n","protected":false},"excerpt":{"rendered":"<p>************************ ENTETE *********************************** ******************* MENU A COPIER ************************** A propos Prochaines formations Nos publications Kas\u00e0l\u00e0s \u00e0 d\u00e9couvrir FAQ Kas\u00e0l\u00e0b Documentaire \u00ab\u00a0kasaleo, la r\u00e9v\u00e9lation\u00a0\u00bb Nos kas\u00e0leuses ont du talent Calendrier Quelles formations choisir ? Eskales narratives \u00c9crire et c\u00e9l\u00e9brer Newsletters Ressources Blog Podcast Livres sonores Kas\u00e0l\u00e0 \u00e0 mes lign\u00e9es Kas\u00e0l\u00e0 de l\u2019air Kas\u00e0l\u00e0 du serpent Le &hellip; <\/p>\n<p class=\"link-more\"><a href=\"https:\/\/kasalab.fr\/index.php\/questions\/\" class=\"more-link\">Continuer la lecture<span class=\"screen-reader-text\"> de &laquo;&nbsp;Questions&nbsp;&raquo;<\/span><\/a><\/p>\n","protected":false},"author":1,"featured_media":0,"parent":0,"menu_order":0,"comment_status":"closed","ping_status":"closed","template":"","meta":{"footnotes":""},"simple-restrict-permission":[],"class_list":["post-70","page","type-page","status-publish","hentry"],"jetpack_sharing_enabled":true,"_links":{"self":[{"href":"https:\/\/kasalab.fr\/index.php\/wp-json\/wp\/v2\/pages\/70","targetHints":{"allow":["GET"]}}],"collection":[{"href":"https:\/\/kasalab.fr\/index.php\/wp-json\/wp\/v2\/pages"}],"about":[{"href":"https:\/\/kasalab.fr\/index.php\/wp-json\/wp\/v2\/types\/page"}],"author":[{"embeddable":true,"href":"https:\/\/kasalab.fr\/index.php\/wp-json\/wp\/v2\/users\/1"}],"replies":[{"embeddable":true,"href":"https:\/\/kasalab.fr\/index.php\/wp-json\/wp\/v2\/comments?post=70"}],"version-history":[{"count":9,"href":"https:\/\/kasalab.fr\/index.php\/wp-json\/wp\/v2\/pages\/70\/revisions"}],"predecessor-version":[{"id":594,"href":"https:\/\/kasalab.fr\/index.php\/wp-json\/wp\/v2\/pages\/70\/revisions\/594"}],"wp:attachment":[{"href":"https:\/\/kasalab.fr\/index.php\/wp-json\/wp\/v2\/media?parent=70"}],"wp:term":[{"taxonomy":"simple-restrict-permission","embeddable":true,"href":"https:\/\/kasalab.fr\/index.php\/wp-json\/wp\/v2\/simple-restrict-permission?post=70"}],"curies":[{"name":"wp","href":"https:\/\/api.w.org\/{rel}","templated":true}]}}