{"id":9,"date":"2024-12-29T14:11:58","date_gmt":"2024-12-29T13:11:58","guid":{"rendered":"http:\/\/kasalai.cluster027.hosting.ovh.net\/?page_id=9"},"modified":"2026-04-06T11:47:03","modified_gmt":"2026-04-06T09:47:03","slug":"accueil","status":"publish","type":"page","link":"https:\/\/kasalab.fr\/","title":{"rendered":"Accueil"},"content":{"rendered":"<div class=\"masquer\">******************* PAGE D&rsquo;ACCUEIL &#8211; CAROUSEL **************************<\/div>\n<div id=\"ACC_PAGE\" class=\"Mon_Carrousel\" >\n<div id=\"Carrousel_3\" class=\"Element_Carrousel\">\n<div class=\"ACC_NEW\">NOUVEAU !<\/div>\n<div class=\"ACC_CADRE\">\n<div class=\"ACC_LOGO_CAROUSEL masquer\"><\/div>\n<div class=\"ACC_TITRE\">L\u2019anniversaire ultime<\/div>\n<div class=\"ACC_DATE\">le 20 d\u00e9cembre 2025<\/div>\n<div class=\"ACC_TEXTE\">\n<div class=\"ACC_LISTE_CERTIF_ICONE\"><\/div>\n<div class=\"ACC_LISTE_CERTIF\">Atelier th\u00e9matique certifiant<\/div>\n<p><span><\/span><\/p>\n<div class=\"ubuntu-regular\">C\u00e9l\u00e9brer la vie d\u2019un \u00eatre aim\u00e9<\/div>\n<div class=\"ubuntu-regular\">avec panache et \u00e9motion&#8230;sans<\/div>\n<div class=\"ubuntu-regular\">attendre qu\u2019il soit \u201cdisparu\u201d : le<\/div>\n<div class=\"ubuntu-regular\">plus beau des cadeaux !<\/div>\n<\/div>\n<div class=\"ACC_BOUTON ubuntu-regular\" style=\"border-color:white; color:white;\"><a style=\"color:whitesmoke;\" href=\"https:\/\/www.helloasso.com\/associations\/kasalab\/evenements\/kasaleo-et-prise-de-parole\">Voir le programme<\/a><\/div>\n<\/div>\n<\/div>\n<div id=\"Carrousel_6\" class=\"Element_Carrousel\">\n<div class=\"ACC_NEW\">EXCLUSIF<\/div>\n<div class=\"ACC_CADRE\">\n<div class=\"ACC_LOGO_CAROUSEL masquer\"><\/div>\n<div class=\"ACC_TITRE\">Ecrire et c\u00e9l\u00e9brer<\/div>\n<div class=\"ACC_DATE\">\u00e0 partir du 10 janvier 2026<\/div>\n<div class=\"ACC_TEXTE\">\n<div class=\"ACC_LISTE_CERTIF_ICONE\"><\/div>\n<div class=\"ACC_LISTE_CERTIF\"> Programme professionnalisant <\/div>\n<p><span><\/span><\/p>\n<div class=\"ubuntu-regular\">Offre de lancement dans la limite des places disponibles<\/div>\n<div class=\"ubuntu-regular\">8 modules et 40 heures de formation<\/div>\n<\/div>\n<div class=\"ACC_BOUTON ubuntu-regular\" style=\"border-color:white; color:white;\"><a style=\"color:whitesmoke;\" href=\"https:\/\/www.helloasso.com\/associations\/kasalab\/evenements\/programme-ecrire-et-celebrer-complet\">Je rejoins le programme<\/a><\/div>\n<\/div>\n<\/div>\n<div id=\"Carrousel_7\" class=\"Element_Carrousel\">\n<div class=\"ACC_NEW\">NOUVEAU !<\/div>\n<div class=\"ACC_CADRE\">\n<div class=\"ACC_LOGO_CAROUSEL masquer\"><\/div>\n<div class=\"ACC_TITRE\">Kas\u00e0l\u00e0 sensoriel<\/div>\n<div class=\"ACC_DATE\">le 24 janvier 2026<\/div>\n<div class=\"ACC_TEXTE\">\n<div class=\"ACC_LISTE_CERTIF_ICONE\"><\/div>\n<div class=\"ACC_LISTE_CERTIF\"> Atelier certifiant en ligne<\/div>\n<p><span><\/span><\/p>\n<div class=\"ubuntu-regular\">Ecrire en s\u2019inspirant de toute<\/div>\n<div class=\"ubuntu-regular\">sa sensorialit\u00e9<\/div>\n<\/div>\n<div class=\"ACC_BOUTON ubuntu-regular\" style=\"border-color:white; color:white;\"><a style=\"color:whitesmoke;\" href=\"https:\/\/www.helloasso.com\/associations\/kasalab\/evenements\/kasala-sensoriel\">Renseignements et inscription<\/a><\/div>\n<\/div>\n<\/div>\n<div id=\"Carrousel_8\" class=\"Element_Carrousel\">\n<div class=\"ACC_NEW\">NOUVEAU !<\/div>\n<div class=\"ACC_CADRE\">\n<div class=\"ACC_LOGO_CAROUSEL masquer\"><\/div>\n<div class=\"ACC_TITRE\">Kas\u00e0l\u00e0 mosa\u00efque<\/div>\n<div class=\"ACC_DATE\">le 21 f\u00e9vrier 2026<\/div>\n<div class=\"ACC_TEXTE\">\n<div class=\"ACC_LISTE_CERTIF_ICONE\"><\/div>\n<div class=\"ACC_LISTE_CERTIF\"> Atelier certifiant en ligne<\/div>\n<p><span><\/span><\/p>\n<div class=\"ubuntu-regular\">Une c\u00e9l\u00e9bration o\u00f9 chacun retrouve<\/div>\n<div class=\"ubuntu-regular\">sa parole magnifi\u00e9e, pour une<\/div>\n<div class=\"ubuntu-regular\">\u00e9motion d\u00e9cupl\u00e9e<\/div>\n<\/div>\n<div class=\"ACC_BOUTON ubuntu-regular\" style=\"border-color:white; color:white;\"><a style=\"color:whitesmoke;\" href=\"https:\/\/www.helloasso.com\/associations\/kasalab\/evenements\/kasala-mosaique\">Je veux en savoir plus<\/a><\/div>\n<\/div>\n<\/div>\n<div id=\"Carrousel_9\" class=\"Element_Carrousel\">\n<div class=\"ACC_NEW\">EXCLUSIF !<\/div>\n<div class=\"ACC_CADRE\">\n<div class=\"ACC_LOGO_CAROUSEL masquer\"><\/div>\n<div class=\"ACC_TITRE\">C\u00e9l\u00e9brer un d\u00e9part \u00e0 la retraite<\/div>\n<div class=\"ACC_DATE\">le 11 avril 2026<\/div>\n<div class=\"ACC_TEXTE\">\n<div class=\"ACC_LISTE_CERTIF_ICONE\"><\/div>\n<div class=\"ACC_LISTE_CERTIF\"> Atelier certifiant en ligne<\/div>\n<p><span><\/span><\/p>\n<div class=\"ubuntu-regular\">Un atelier interactif qui r\u00e9unit une<\/div>\n<div class=\"ubuntu-regular\">interpr\u00e9tation exclusive de l\u2019arbre<\/div>\n<div class=\"ubuntu-regular\">de vie et le kas\u00e0l\u00e0<\/div>\n<\/div>\n<div class=\"ACC_BOUTON ubuntu-regular\" style=\"border-color:white; color:white;\"><a style=\"color:whitesmoke;\" href=\"https:\/\/www.helloasso.com\/associations\/kasalab\/evenements\/kasala-de-depart-a-la-retraite\">Renseignements et inscription<\/a><\/div>\n<\/div>\n<\/div>\n<div id=\"Carrousel_1\" class=\"Element_Carrousel\">\n<div class=\"ACC_NEW\"><\/div>\n<div class=\"ACC_CADRE\">\n<div class=\"ACC_LOGO_CAROUSEL masquer\"><\/div>\n<div class=\"ACC_TITRE\">le kas\u00e0l\u00e0 pour les plus jeunes ?<\/div>\n<div class=\"ACC_DATE\" masquer><\/div>\n<div class=\"ACC_TEXTE\" style:\"color:rgb(181,139,84);\">\n<div class=\"DancingScript\" style=\"color:rgb(181,139,84); line-height:3vw;\">Singularit\u00e9<\/div>\n<div class=\"\" style=\"color:rgb(181,139,84); line-height:3vw;\">Ouverture<\/div>\n<div class=\"\" style=\"color:rgb(181,139,84); line-height:3vw;\">Prise de parole<\/div>\n<div class=\"\" style=\"color:rgb(181,139,84); line-height:3vw;\">Confiance<\/div>\n<\/div>\n<div class=\"ACC_BOUTON ubuntu-regular\" style=\"border-color:white; color:white;\">Programme \u00e0 venir<\/div>\n<\/div>\n<\/div>\n<div id=\"ACC_next\"><\/div>\n<div id=\"ACC_stop\"><\/div>\n<div id=\"ACC_prev\"><\/div>\n<div id=\"ACC_indicators\"><\/div>\n<\/div>\n<div class=\"masquer\">******************* PAGE D&rsquo;ACCUEIL &#8211; MENU **************************<\/div>\n<footer>\n<div id=\"CADRE_LOGO\">\n<div id=\"CADRE_LOGO_MENU\">\n<li class=\"CADRE_LOGO_LISTE\" id=\"CLL_1\" onclick=\"Ouvre_Menu(1)\">A propos<\/li>\n<li class=\"CADRE_LOGO_LISTE\" id=\"CLL_2\" onclick=\"Ouvre_Menu(2)\">Prochaines formations<\/li>\n<li class=\"CADRE_LOGO_LISTE\" id=\"CLL_3\" onclick=\"Ouvre_Menu(3)\">Nos publications<\/li>\n<li class=\"CADRE_LOGO_LISTE\" id=\"CLL_4\" onclick=\"Ouvre_Menu(4)\">Kas\u00e0l\u00e0s \u00e0 d\u00e9couvrir<\/li>\n<li class=\"CADRE_LOGO_LISTE\" id=\"CLL_5\"><a href=\"https:\/\/kasalab.fr\/index.php\/questions\/\">FAQ<\/a><\/li>\n<\/div>\n<div id=\"CADRE_LOGO_SOUS_MENU_1\" class=\"SOUS_MENU\" >\n<li class=\"CADRE_LOGO_SML_1\"><a href=\"https:\/\/kasalab.fr\/index.php\/a_propos_kasalab\">Kas\u00e0l\u00e0b<\/a><\/li>\n<li class=\"CADRE_LOGO_SML_1\"><a href=\"https:\/\/kasalab.fr\/index.php\/a_propos_kasaleo\">Documentaire \u00ab\u00a0kasaleo, la r\u00e9v\u00e9lation\u00a0\u00bb<\/a><\/li>\n<li class=\"CADRE_LOGO_SML_1\"><a href=\"https:\/\/kasalab.fr\/index.php\/formatrices\">Nos kas\u00e0leuses ont du talent<\/a><\/li>\n<\/div>\n<div id=\"CADRE_LOGO_SOUS_MENU_2\" class=\"SOUS_MENU\" >\n<li class=\"CADRE_LOGO_SML_2\"><a href=\"https:\/\/kasalab.fr\/index.php\/calendrier\">Calendrier<\/a><\/li>\n<li class=\"CADRE_LOGO_SML_2\"><a href=\"https:\/\/kasalab.fr\/wp-content\/uploads\/Formations-Kasalab-3-volets.pdf\">Quelles formations choisir ?<\/a><\/li>\n<li class=\"CADRE_LOGO_SML_2\"><a href=\"http:\/\/kasalab.fr\/wp-content\/uploads\/V2-Eskale-Narrative-Corse.pdf\">Eskales narratives<\/a><\/li>\n<li class=\"CADRE_LOGO_SML_2\"><a href=\"http:\/\/kasalab.fr\/wp-content\/uploads\/Ecrire_Celebrer.pdf\">\u00c9crire et c\u00e9l\u00e9brer<\/a><\/li>\n<\/div>\n<div id=\"CADRE_LOGO_SOUS_MENU_3\" class=\"SOUS_MENU\" >\n<li class=\"CADRE_LOGO_SML_3\"><a href=\"https:\/\/kasalab.fr\/index.php\/newsletters\">Newsletters<\/a><\/li>\n<li class=\"CADRE_LOGO_SML_3\"><a href=\"https:\/\/kasalab.fr\/index.php\/ressources\/\">Ressources<\/a><\/li>\n<li class=\"CADRE_LOGO_SML_3\">Blog<\/li>\n<li class=\"CADRE_LOGO_SML_3\">Podcast<\/li>\n<li class=\"CADRE_LOGO_SML_3\">Livres sonores<\/li>\n<\/div>\n<div id=\"CADRE_LOGO_SOUS_MENU_4\" class=\"SOUS_MENU\" >\n<li class=\"CADRE_LOGO_SML_4\"><a href=\"https:\/\/kasalab.fr\/index.php\/Kasala_01\">Kas\u00e0l\u00e0 \u00e0 mes lign\u00e9es<\/a><\/li>\n<li class=\"CADRE_LOGO_SML_4\"><a href=\"https:\/\/kasalab.fr\/index.php\/Kasala_02\">Kas\u00e0l\u00e0 de l\u2019air<\/a><\/li>\n<li class=\"CADRE_LOGO_SML_4\"><a href=\"https:\/\/kasalab.fr\/index.php\/Kasala_03\">Kas\u00e0l\u00e0 du serpent<\/a><\/li>\n<li class=\"CADRE_LOGO_SML_4\"><a href=\"https:\/\/kasalab.fr\/index.php\/Kasala_04\">Le poing e<\/a><\/li>\n<li \nclass=\"CADRE_LOGO_SML_4\"><a href=\"https:\/\/kasalab.fr\/index.php\/Kasala_05\">Kas\u00e0l\u00e0 mosa\u00efque<\/a><\/li>\n<li \nclass=\"CADRE_LOGO_SML_4\"><a href=\"https:\/\/kasalab.fr\/wp-content\/uploads\/KA-Enterrement-RDC.mp4\">Kas\u00e0l\u00e0 de deuil au Congo<\/a><\/li>\n<\/div>\n<div id=\"CADRE_LOGO_SOUS_MENU_5\" class=\"SOUS_MENU\" >\n<li class=\"CADRE_LOGO_SML_5\"><a href=\"https:\/\/kasalab.fr\/index.php\/questions\/\">Questions<\/a><\/li>\n<\/div>\n<div id=\"CADRE_LOGO_MARQUE\"><\/div>\n<div id=\"CADRE_LOGO_BANDE\"><\/div>\n<div>\n<div id=\"CADRE_LOGO_IMAGE\"><\/div>\n<div id=\"CADRE_LOGO_FOND\"><\/div>\n<div id=\"CADRE_LOGO_LOGO\"><\/div>\n<div id=\"CADRE_LOGO_SLOGAN\">LA FABRIQUE DU LIEN<\/div>\n<\/div>\n<div id=\"CADRE_LOGO_TITRE\">L&rsquo;\u00e9cole fran\u00e7aise de Kas\u00e0l\u00e0 contemporain<\/div>\n<div class=\"masquer\">******************* MENU DE BAS DE PAGE &#8211; A COPIER **************************<\/div>\n<div class=\"CADRE_LOGO_MENTIONS\">\n<li class=\"CADRE_LOGO_MENU\"><a style=\"color:rgb(181,139,84);\" href=\"https:\/\/kasalab.fr\/index.php\/mentions-legales\/\">Mentions l\u00e9gales<\/a><\/li>\n<li class=\"CADRE_LOGO_MENU\"><a href=\"https:\/\/kasalab.fr\/index.php\/nos_partenaires\/\" style=\"color:rgb(181,139,84);\">Nos partenaires<\/a><\/li>\n<li class=\"CADRE_LOGO_MENU\"><a style=\"color:rgb(181,139,84);\" href=\"mailto:kasalab75@gmail.com?subject=Demande de renseignement\">Nous contacter<\/a><\/li>\n<li class=\"CADRE_LOGO_MENU\"><a style=\"color:rgb(181,139,84);\" href=\"https:\/\/kasalab.fr\/index.php\/formulaire-news-letter\/\">Recevoir la Newsletter<\/a><\/li>\n<\/div>\n<div id=\"CADRE_LOGO_LINKEDIN\"><a style=\"color:whitesmoke;\" href=\"https:\/\/www.linkedin.com\/in\/marie-france-baroth-6998a461\/\">ln<\/a><\/div>\n<div id=\"CADRE_LOGO_INSTA\"><a style=\"color:whitesmoke;\" href=\"https:\/\/www.instagram.com\/kasala.france\">Insta<\/a><\/div>\n<div class=\"masquer\">*************** MENU DE BAS DE PAGE &#8211; FIN DE BLOC A COPIER ******************<\/div>\n<\/div>\n<\/div>\n<\/footer>\n","protected":false},"excerpt":{"rendered":"<p>******************* PAGE D&rsquo;ACCUEIL &#8211; CAROUSEL ************************** NOUVEAU ! L\u2019anniversaire ultime le 20 d\u00e9cembre 2025 Atelier th\u00e9matique certifiant C\u00e9l\u00e9brer la vie d\u2019un \u00eatre aim\u00e9 avec panache et \u00e9motion&#8230;sans attendre qu\u2019il soit \u201cdisparu\u201d : le plus beau des cadeaux ! Voir le programme EXCLUSIF Ecrire et c\u00e9l\u00e9brer \u00e0 partir du 10 janvier 2026 Programme professionnalisant Offre de &hellip; <\/p>\n<p class=\"link-more\"><a href=\"https:\/\/kasalab.fr\/\" class=\"more-link\">Continuer la lecture<span class=\"screen-reader-text\"> de &laquo;&nbsp;Accueil&nbsp;&raquo;<\/span><\/a><\/p>\n","protected":false},"author":1,"featured_media":0,"parent":0,"menu_order":0,"comment_status":"closed","ping_status":"closed","template":"","meta":{"footnotes":""},"simple-restrict-permission":[],"class_list":["post-9","page","type-page","status-publish","hentry"],"jetpack_sharing_enabled":true,"_links":{"self":[{"href":"https:\/\/kasalab.fr\/index.php\/wp-json\/wp\/v2\/pages\/9","targetHints":{"allow":["GET"]}}],"collection":[{"href":"https:\/\/kasalab.fr\/index.php\/wp-json\/wp\/v2\/pages"}],"about":[{"href":"https:\/\/kasalab.fr\/index.php\/wp-json\/wp\/v2\/types\/page"}],"author":[{"embeddable":true,"href":"https:\/\/kasalab.fr\/index.php\/wp-json\/wp\/v2\/users\/1"}],"replies":[{"embeddable":true,"href":"https:\/\/kasalab.fr\/index.php\/wp-json\/wp\/v2\/comments?post=9"}],"version-history":[{"count":137,"href":"https:\/\/kasalab.fr\/index.php\/wp-json\/wp\/v2\/pages\/9\/revisions"}],"predecessor-version":[{"id":716,"href":"https:\/\/kasalab.fr\/index.php\/wp-json\/wp\/v2\/pages\/9\/revisions\/716"}],"wp:attachment":[{"href":"https:\/\/kasalab.fr\/index.php\/wp-json\/wp\/v2\/media?parent=9"}],"wp:term":[{"taxonomy":"simple-restrict-permission","embeddable":true,"href":"https:\/\/kasalab.fr\/index.php\/wp-json\/wp\/v2\/simple-restrict-permission?post=9"}],"curies":[{"name":"wp","href":"https:\/\/api.w.org\/{rel}","templated":true}]}}